{"id":744,"date":"2026-02-11T15:33:40","date_gmt":"2026-02-11T14:33:40","guid":{"rendered":"https:\/\/souverainete-suisse.ch\/?post_type=product&#038;p=744"},"modified":"2026-02-14T17:34:06","modified_gmt":"2026-02-14T16:34:06","slug":"roll-up-sovranita-svizzera-forte-presenza-chiaro-messaggio-italiano","status":"publish","type":"product","link":"https:\/\/souverainete-suisse.ch\/it\/prodotto\/roll-up-sovranita-svizzera-forte-presenza-chiaro-messaggio-italiano\/","title":{"rendered":"Roll-up Sovranit\u00e0 Svizzera (Italiano)"},"content":{"rendered":"<p class=\"p1\"><span class=\"s1\">\ud83c\udde8\ud83c\udded <\/span><b>Roll-up Sovranit\u00e0 Svizzera - Forte presenza, messaggio chiaro<\/b><b><\/b><\/p>\n<p class=\"p3\">Affermate le vostre convinzioni con impatto durante conferenze, stand, assemblee o eventi pubblici.<\/p>\n<p class=\"p3\">Questo roll-up verticale di grande formato (850 x 2000 mm) offre massima visibilit\u00e0 e una presentazione professionale. Stampato in 4 colori Euroscala su materiale FRONTLIT 510 g\/m\u00b2 in resistente PVC bianco, garantisce un'ottima stabilit\u00e0, colori intensi e perfetta leggibilit\u00e0 anche a distanza.<\/p>\n<p class=\"p3\">Formato 85 x 200 cm - impatto visivo immediato<\/p>\n<p class=\"p3\">Supporto FRONTLIT 510 g\/m\u00b2 - solido e durevole<\/p>\n<p class=\"p3\">Stampa fronte alta qualit\u00e0<\/p>\n<p class=\"p3\">Struttura stabile e montaggio rapido<\/p>\n<p class=\"p3\">Borsa per il trasporto inclusa<\/p>\n<p class=\"p3\">Fabbricazione svizzera<\/p>\n<p class=\"p3\">Facile da installare e trasportare, questo roll-up \u00e8 lo strumento ideale per rappresentare la Sovranit\u00e0 Svizzera con seriet\u00e0, coerenza e professionalit\u00e0. \ud83c\udde8\ud83c\udded<\/p>","protected":false},"excerpt":{"rendered":"<p class=\"p1\">Roll-up Sovranit\u00e0 Svizzera: un formato potente e professionale per affermare le proprie convinzioni con sicurezza e impatto in tutti gli eventi.<\/p>","protected":false},"featured_media":748,"comment_status":"open","ping_status":"closed","template":"","meta":[],"product_brand":[],"product_cat":[29],"product_tag":[],"class_list":{"0":"post-744","1":"product","2":"type-product","3":"status-publish","4":"has-post-thumbnail","6":"product_cat-rollup","7":"product_shipping_class-rollup-shipping","9":"first","10":"instock","11":"shipping-taxable","12":"purchasable","13":"product-type-simple"},"yoast_head":"<!-- This site is optimized with the Yoast SEO plugin v26.9 - https:\/\/yoast.com\/product\/yoast-seo-wordpress\/ -->\n<title>Roll-up Souverainet\u00e9 Suisse (Italien) - Mouvement Souverainet\u00e9 Suisse<\/title>\n<meta name=\"description\" content=\"Roll-up Souverainet\u00e9 Suisse 85x200 cm, impression haute qualit\u00e9 sur PVC FRONTLIT 510 g\/m\u00b2, robuste et facile \u00e0 transporter. Id\u00e9al pour stands, conf\u00e9rences et \u00e9v\u00e9nements. Fabrication suisse\" \/>\n<meta name=\"robots\" content=\"index, follow, max-snippet:-1, max-image-preview:large, max-video-preview:-1\" \/>\n<link rel=\"canonical\" href=\"https:\/\/souverainete-suisse.ch\/it\/prodotto\/roll-up-sovranita-svizzera-forte-presenza-chiaro-messaggio-italiano\/\" \/>\n<meta property=\"og:locale\" content=\"it_IT\" \/>\n<meta property=\"og:type\" content=\"article\" \/>\n<meta property=\"og:title\" content=\"Roll-up Souverainet\u00e9 Suisse (Italien) - Mouvement Souverainet\u00e9 Suisse\" \/>\n<meta property=\"og:description\" content=\"Roll-up Souverainet\u00e9 Suisse 85x200 cm, impression haute qualit\u00e9 sur PVC FRONTLIT 510 g\/m\u00b2, robuste et facile \u00e0 transporter. Id\u00e9al pour stands, conf\u00e9rences et \u00e9v\u00e9nements. Fabrication suisse\" \/>\n<meta property=\"og:url\" content=\"https:\/\/souverainete-suisse.ch\/it\/prodotto\/roll-up-sovranita-svizzera-forte-presenza-chiaro-messaggio-italiano\/\" \/>\n<meta property=\"og:site_name\" content=\"Mouvement Souverainet\u00e9 Suisse\" \/>\n<meta property=\"article:modified_time\" content=\"2026-02-14T16:34:06+00:00\" \/>\n<meta property=\"og:image\" content=\"https:\/\/souverainete-suisse.ch\/wp-content\/uploads\/2026\/02\/Rollup-IT-scaled.jpg\" \/>\n\t<meta property=\"og:image:width\" content=\"1087\" \/>\n\t<meta property=\"og:image:height\" content=\"2560\" \/>\n\t<meta property=\"og:image:type\" content=\"image\/jpeg\" \/>\n<meta name=\"twitter:card\" content=\"summary_large_image\" \/>\n<meta name=\"twitter:label1\" content=\"Tempo di lettura stimato\" \/>\n\t<meta name=\"twitter:data1\" content=\"1 minuto\" \/>\n<script type=\"application\/ld+json\" class=\"yoast-schema-graph\">{\"@context\":\"https:\/\/schema.org\",\"@graph\":[{\"@type\":\"WebPage\",\"@id\":\"https:\/\/souverainete-suisse.ch\/produit\/roll-up-souverainete-suisse-presence-forte-message-clair-italien\/\",\"url\":\"https:\/\/souverainete-suisse.ch\/produit\/roll-up-souverainete-suisse-presence-forte-message-clair-italien\/\",\"name\":\"Roll-up Souverainet\u00e9 Suisse (Italien) - Mouvement Souverainet\u00e9 Suisse\",\"isPartOf\":{\"@id\":\"https:\/\/souverainete-suisse.ch\/#website\"},\"primaryImageOfPage\":{\"@id\":\"https:\/\/souverainete-suisse.ch\/produit\/roll-up-souverainete-suisse-presence-forte-message-clair-italien\/#primaryimage\"},\"image\":{\"@id\":\"https:\/\/souverainete-suisse.ch\/produit\/roll-up-souverainete-suisse-presence-forte-message-clair-italien\/#primaryimage\"},\"thumbnailUrl\":\"https:\/\/souverainete-suisse.ch\/wp-content\/uploads\/2026\/02\/Rollup-IT-scaled.jpg\",\"datePublished\":\"2026-02-11T14:33:40+00:00\",\"dateModified\":\"2026-02-14T16:34:06+00:00\",\"description\":\"Roll-up Souverainet\u00e9 Suisse 85x200 cm, impression haute qualit\u00e9 sur PVC FRONTLIT 510 g\/m\u00b2, robuste et facile \u00e0 transporter. Id\u00e9al pour stands, conf\u00e9rences et \u00e9v\u00e9nements. Fabrication suisse\",\"breadcrumb\":{\"@id\":\"https:\/\/souverainete-suisse.ch\/produit\/roll-up-souverainete-suisse-presence-forte-message-clair-italien\/#breadcrumb\"},\"inLanguage\":\"it-IT\",\"potentialAction\":[{\"@type\":\"ReadAction\",\"target\":[\"https:\/\/souverainete-suisse.ch\/produit\/roll-up-souverainete-suisse-presence-forte-message-clair-italien\/\"]}]},{\"@type\":\"ImageObject\",\"inLanguage\":\"it-IT\",\"@id\":\"https:\/\/souverainete-suisse.ch\/produit\/roll-up-souverainete-suisse-presence-forte-message-clair-italien\/#primaryimage\",\"url\":\"https:\/\/souverainete-suisse.ch\/wp-content\/uploads\/2026\/02\/Rollup-IT-scaled.jpg\",\"contentUrl\":\"https:\/\/souverainete-suisse.ch\/wp-content\/uploads\/2026\/02\/Rollup-IT-scaled.jpg\",\"width\":1087,\"height\":2560},{\"@type\":\"BreadcrumbList\",\"@id\":\"https:\/\/souverainete-suisse.ch\/produit\/roll-up-souverainete-suisse-presence-forte-message-clair-italien\/#breadcrumb\",\"itemListElement\":[{\"@type\":\"ListItem\",\"position\":1,\"name\":\"Accueil\",\"item\":\"https:\/\/souverainete-suisse.ch\/\"},{\"@type\":\"ListItem\",\"position\":2,\"name\":\"Produits\",\"item\":\"https:\/\/souverainete-suisse.ch\/boutique\/\"},{\"@type\":\"ListItem\",\"position\":3,\"name\":\"Roll-up Souverainet\u00e9 Suisse (Italien)\"}]},{\"@type\":\"WebSite\",\"@id\":\"https:\/\/souverainete-suisse.ch\/#website\",\"url\":\"https:\/\/souverainete-suisse.ch\/\",\"name\":\"Mouvement Souverainet\u00e9 Suisse\",\"description\":\"\",\"publisher\":{\"@id\":\"https:\/\/souverainete-suisse.ch\/#organization\"},\"potentialAction\":[{\"@type\":\"SearchAction\",\"target\":{\"@type\":\"EntryPoint\",\"urlTemplate\":\"https:\/\/souverainete-suisse.ch\/?s={search_term_string}\"},\"query-input\":{\"@type\":\"PropertyValueSpecification\",\"valueRequired\":true,\"valueName\":\"search_term_string\"}}],\"inLanguage\":\"it-IT\"},{\"@type\":\"Organization\",\"@id\":\"https:\/\/souverainete-suisse.ch\/#organization\",\"name\":\"Mouvement Souverainet\u00e9 Suisse\",\"url\":\"https:\/\/souverainete-suisse.ch\/\",\"logo\":{\"@type\":\"ImageObject\",\"inLanguage\":\"it-IT\",\"@id\":\"https:\/\/souverainete-suisse.ch\/#\/schema\/logo\/image\/\",\"url\":\"https:\/\/souverainete-suisse.ch\/wp-content\/uploads\/2025\/11\/logo.png\",\"contentUrl\":\"https:\/\/souverainete-suisse.ch\/wp-content\/uploads\/2025\/11\/logo.png\",\"width\":2053,\"height\":1461,\"caption\":\"Mouvement Souverainet\u00e9 Suisse\"},\"image\":{\"@id\":\"https:\/\/souverainete-suisse.ch\/#\/schema\/logo\/image\/\"}}]}<\/script>\n<!-- \/ Yoast SEO plugin. -->","yoast_head_json":{"title":"Roll-up della sovranit\u00e0 svizzera (italiano) - Movimento per la sovranit\u00e0 svizzera","description":"Roll-up Sovranit\u00e0 Svizzera 85x200 cm, stampa di alta qualit\u00e0 su PVC FRONTLIT 510 g\/m\u00b2, robusto e facile da trasportare. Ideale per stand, conferenze ed eventi. Prodotto in Svizzera","robots":{"index":"index","follow":"follow","max-snippet":"max-snippet:-1","max-image-preview":"max-image-preview:large","max-video-preview":"max-video-preview:-1"},"canonical":"https:\/\/souverainete-suisse.ch\/it\/prodotto\/roll-up-sovranita-svizzera-forte-presenza-chiaro-messaggio-italiano\/","og_locale":"it_IT","og_type":"article","og_title":"Roll-up Souverainet\u00e9 Suisse (Italien) - Mouvement Souverainet\u00e9 Suisse","og_description":"Roll-up Souverainet\u00e9 Suisse 85x200 cm, impression haute qualit\u00e9 sur PVC FRONTLIT 510 g\/m\u00b2, robuste et facile \u00e0 transporter. Id\u00e9al pour stands, conf\u00e9rences et \u00e9v\u00e9nements. Fabrication suisse","og_url":"https:\/\/souverainete-suisse.ch\/it\/prodotto\/roll-up-sovranita-svizzera-forte-presenza-chiaro-messaggio-italiano\/","og_site_name":"Mouvement Souverainet\u00e9 Suisse","article_modified_time":"2026-02-14T16:34:06+00:00","og_image":[{"width":1087,"height":2560,"url":"https:\/\/souverainete-suisse.ch\/wp-content\/uploads\/2026\/02\/Rollup-IT-scaled.jpg","type":"image\/jpeg"}],"twitter_card":"summary_large_image","twitter_misc":{"Tempo di lettura stimato":"1 minuto"},"schema":{"@context":"https:\/\/schema.org","@graph":[{"@type":"WebPage","@id":"https:\/\/souverainete-suisse.ch\/produit\/roll-up-souverainete-suisse-presence-forte-message-clair-italien\/","url":"https:\/\/souverainete-suisse.ch\/produit\/roll-up-souverainete-suisse-presence-forte-message-clair-italien\/","name":"Roll-up della sovranit\u00e0 svizzera (italiano) - Movimento per la sovranit\u00e0 svizzera","isPartOf":{"@id":"https:\/\/souverainete-suisse.ch\/#website"},"primaryImageOfPage":{"@id":"https:\/\/souverainete-suisse.ch\/produit\/roll-up-souverainete-suisse-presence-forte-message-clair-italien\/#primaryimage"},"image":{"@id":"https:\/\/souverainete-suisse.ch\/produit\/roll-up-souverainete-suisse-presence-forte-message-clair-italien\/#primaryimage"},"thumbnailUrl":"https:\/\/souverainete-suisse.ch\/wp-content\/uploads\/2026\/02\/Rollup-IT-scaled.jpg","datePublished":"2026-02-11T14:33:40+00:00","dateModified":"2026-02-14T16:34:06+00:00","description":"Roll-up Sovranit\u00e0 Svizzera 85x200 cm, stampa di alta qualit\u00e0 su PVC FRONTLIT 510 g\/m\u00b2, robusto e facile da trasportare. Ideale per stand, conferenze ed eventi. Prodotto in Svizzera","breadcrumb":{"@id":"https:\/\/souverainete-suisse.ch\/produit\/roll-up-souverainete-suisse-presence-forte-message-clair-italien\/#breadcrumb"},"inLanguage":"it-IT","potentialAction":[{"@type":"ReadAction","target":["https:\/\/souverainete-suisse.ch\/produit\/roll-up-souverainete-suisse-presence-forte-message-clair-italien\/"]}]},{"@type":"ImageObject","inLanguage":"it-IT","@id":"https:\/\/souverainete-suisse.ch\/produit\/roll-up-souverainete-suisse-presence-forte-message-clair-italien\/#primaryimage","url":"https:\/\/souverainete-suisse.ch\/wp-content\/uploads\/2026\/02\/Rollup-IT-scaled.jpg","contentUrl":"https:\/\/souverainete-suisse.ch\/wp-content\/uploads\/2026\/02\/Rollup-IT-scaled.jpg","width":1087,"height":2560},{"@type":"BreadcrumbList","@id":"https:\/\/souverainete-suisse.ch\/produit\/roll-up-souverainete-suisse-presence-forte-message-clair-italien\/#breadcrumb","itemListElement":[{"@type":"ListItem","position":1,"name":"Accueil","item":"https:\/\/souverainete-suisse.ch\/"},{"@type":"ListItem","position":2,"name":"Produits","item":"https:\/\/souverainete-suisse.ch\/boutique\/"},{"@type":"ListItem","position":3,"name":"Roll-up Souverainet\u00e9 Suisse (Italien)"}]},{"@type":"WebSite","@id":"https:\/\/souverainete-suisse.ch\/#website","url":"https:\/\/souverainete-suisse.ch\/","name":"Movimento per la sovranit\u00e0 della Svizzera","description":"","publisher":{"@id":"https:\/\/souverainete-suisse.ch\/#organization"},"potentialAction":[{"@type":"SearchAction","target":{"@type":"EntryPoint","urlTemplate":"https:\/\/souverainete-suisse.ch\/?s={search_term_string}"},"query-input":{"@type":"PropertyValueSpecification","valueRequired":true,"valueName":"search_term_string"}}],"inLanguage":"it-IT"},{"@type":"Organization","@id":"https:\/\/souverainete-suisse.ch\/#organization","name":"Movimento per la sovranit\u00e0 della Svizzera","url":"https:\/\/souverainete-suisse.ch\/","logo":{"@type":"ImageObject","inLanguage":"it-IT","@id":"https:\/\/souverainete-suisse.ch\/#\/schema\/logo\/image\/","url":"https:\/\/souverainete-suisse.ch\/wp-content\/uploads\/2025\/11\/logo.png","contentUrl":"https:\/\/souverainete-suisse.ch\/wp-content\/uploads\/2025\/11\/logo.png","width":2053,"height":1461,"caption":"Mouvement Souverainet\u00e9 Suisse"},"image":{"@id":"https:\/\/souverainete-suisse.ch\/#\/schema\/logo\/image\/"}}]}},"_links":{"self":[{"href":"https:\/\/souverainete-suisse.ch\/it\/wp-json\/wp\/v2\/product\/744","targetHints":{"allow":["GET"]}}],"collection":[{"href":"https:\/\/souverainete-suisse.ch\/it\/wp-json\/wp\/v2\/product"}],"about":[{"href":"https:\/\/souverainete-suisse.ch\/it\/wp-json\/wp\/v2\/types\/product"}],"replies":[{"embeddable":true,"href":"https:\/\/souverainete-suisse.ch\/it\/wp-json\/wp\/v2\/comments?post=744"}],"wp:featuredmedia":[{"embeddable":true,"href":"https:\/\/souverainete-suisse.ch\/it\/wp-json\/wp\/v2\/media\/748"}],"wp:attachment":[{"href":"https:\/\/souverainete-suisse.ch\/it\/wp-json\/wp\/v2\/media?parent=744"}],"wp:term":[{"taxonomy":"product_brand","embeddable":true,"href":"https:\/\/souverainete-suisse.ch\/it\/wp-json\/wp\/v2\/product_brand?post=744"},{"taxonomy":"product_cat","embeddable":true,"href":"https:\/\/souverainete-suisse.ch\/it\/wp-json\/wp\/v2\/product_cat?post=744"},{"taxonomy":"product_tag","embeddable":true,"href":"https:\/\/souverainete-suisse.ch\/it\/wp-json\/wp\/v2\/product_tag?post=744"}],"curies":[{"name":"wp","href":"https:\/\/api.w.org\/{rel}","templated":true}]}}