{"id":733,"date":"2026-02-11T15:09:15","date_gmt":"2026-02-11T14:09:15","guid":{"rendered":"https:\/\/souverainete-suisse.ch\/?post_type=product&#038;p=733"},"modified":"2026-04-01T09:27:47","modified_gmt":"2026-04-01T07:27:47","slug":"bandiera-della-sovranita-svizzera-edizione-stambecco-inglese","status":"publish","type":"product","link":"https:\/\/souverainete-suisse.ch\/it\/prodotto\/bandiera-della-sovranita-svizzera-edizione-stambecco-inglese\/","title":{"rendered":"Bandiera della sovranit\u00e0 svizzera - edizione stambecco inglese"},"content":{"rendered":"<p class=\"p1\"><span class=\"s1\">\ud83c\udde8\ud83c\udded <\/span><b>Bandiera della sovranit\u00e0 svizzera - edizione stambecco<\/b><b><\/b><\/p>\n<p class=\"p3\">Mostrate le vostre convinzioni con forza e orgoglio.<\/p>\n<p class=\"p3\">Questa bandiera ufficiale della Sovranit\u00e0 svizzera, con lo stambecco - simbolo di solidit\u00e0, indipendenza e ancoraggio alpino - \u00e8 progettata per un uso durevole all'aperto.<\/p>\n<p class=\"p3\">Prodotto in Svizzera, \u00e8 stampato su tessuto professionale FLAGBEST\u00ae RC165 (165 g\/m\u00b2), resistente alle intemperie e ai raggi UV.<\/p>\n<p class=\"p3\">Banda laterale rinforzata con 2 moschettoni per un fissaggio sicuro<\/p>\n<p class=\"p3\">Doppie cuciture sugli altri tre lati per una vestibilit\u00e0 ottimale<\/p>\n<p class=\"p3\">Stampa fronte\/retro con immagine speculare sul retro<\/p>\n<p class=\"p3\">Formato generoso 120 x 120 cm<\/p>\n<p class=\"p3\">Progettata per sventolare con orgoglio nel vostro giardino, sulla vostra facciata o in occasione di eventi, questa bandiera incarna l'impegno della Svizzera per la libert\u00e0, la responsabilit\u00e0 e la sovranit\u00e0.<\/p>","protected":false},"excerpt":{"rendered":"<p>Questa bandiera ufficiale della Sovranit\u00e0 svizzera, con lo stambecco - simbolo di solidit\u00e0, indipendenza e ancoraggio alpino - \u00e8 progettata per un uso durevole all'aperto.<\/p>","protected":false},"featured_media":988,"comment_status":"open","ping_status":"closed","template":"","meta":[],"product_brand":[],"product_cat":[27],"product_tag":[],"class_list":{"0":"post-733","1":"product","2":"type-product","3":"status-publish","4":"has-post-thumbnail","6":"product_cat-flag","7":"product_shipping_class-flag-shipping","9":"first","10":"instock","11":"shipping-taxable","12":"purchasable","13":"product-type-simple"},"yoast_head":"<!-- This site is optimized with the Yoast SEO plugin v26.9 - https:\/\/yoast.com\/product\/yoast-seo-wordpress\/ -->\n<title>Drapeau Souverainet\u00e9 Suisse \u2013 \u00c9dition Bouquetin Anglais - Mouvement Souverainet\u00e9 Suisse<\/title>\n<meta name=\"description\" content=\"Drapeau Souverainet\u00e9 Suisse 120x120 cm avec bouquetin, tissu FLAGBEST\u00ae RC165 r\u00e9sistant aux intemp\u00e9ries, double couture et fixation renforc\u00e9e. Impression recto-verso, fabrication suisse.\" \/>\n<meta name=\"robots\" content=\"index, follow, max-snippet:-1, max-image-preview:large, max-video-preview:-1\" \/>\n<link rel=\"canonical\" href=\"https:\/\/souverainete-suisse.ch\/it\/prodotto\/bandiera-della-sovranita-svizzera-edizione-stambecco-inglese\/\" \/>\n<meta property=\"og:locale\" content=\"it_IT\" \/>\n<meta property=\"og:type\" content=\"article\" \/>\n<meta property=\"og:title\" content=\"Drapeau Souverainet\u00e9 Suisse \u2013 \u00c9dition Bouquetin Anglais - Mouvement Souverainet\u00e9 Suisse\" \/>\n<meta property=\"og:description\" content=\"Drapeau Souverainet\u00e9 Suisse 120x120 cm avec bouquetin, tissu FLAGBEST\u00ae RC165 r\u00e9sistant aux intemp\u00e9ries, double couture et fixation renforc\u00e9e. Impression recto-verso, fabrication suisse.\" \/>\n<meta property=\"og:url\" content=\"https:\/\/souverainete-suisse.ch\/it\/prodotto\/bandiera-della-sovranita-svizzera-edizione-stambecco-inglese\/\" \/>\n<meta property=\"og:site_name\" content=\"Mouvement Souverainet\u00e9 Suisse\" \/>\n<meta property=\"article:modified_time\" content=\"2026-04-01T07:27:47+00:00\" \/>\n<meta property=\"og:image\" content=\"https:\/\/souverainete-suisse.ch\/wp-content\/uploads\/2026\/02\/Drapeau-web-EN.png\" \/>\n\t<meta property=\"og:image:width\" content=\"1146\" \/>\n\t<meta property=\"og:image:height\" content=\"1104\" \/>\n\t<meta property=\"og:image:type\" content=\"image\/png\" \/>\n<meta name=\"twitter:card\" content=\"summary_large_image\" \/>\n<meta name=\"twitter:label1\" content=\"Tempo di lettura stimato\" \/>\n\t<meta name=\"twitter:data1\" content=\"1 minuto\" \/>\n<script type=\"application\/ld+json\" class=\"yoast-schema-graph\">{\"@context\":\"https:\/\/schema.org\",\"@graph\":[{\"@type\":\"WebPage\",\"@id\":\"https:\/\/souverainete-suisse.ch\/produit\/drapeau-souverainete-suisse-edition-bouquetin-anglais\/\",\"url\":\"https:\/\/souverainete-suisse.ch\/produit\/drapeau-souverainete-suisse-edition-bouquetin-anglais\/\",\"name\":\"Drapeau Souverainet\u00e9 Suisse \u2013 \u00c9dition Bouquetin Anglais - Mouvement Souverainet\u00e9 Suisse\",\"isPartOf\":{\"@id\":\"https:\/\/souverainete-suisse.ch\/#website\"},\"primaryImageOfPage\":{\"@id\":\"https:\/\/souverainete-suisse.ch\/produit\/drapeau-souverainete-suisse-edition-bouquetin-anglais\/#primaryimage\"},\"image\":{\"@id\":\"https:\/\/souverainete-suisse.ch\/produit\/drapeau-souverainete-suisse-edition-bouquetin-anglais\/#primaryimage\"},\"thumbnailUrl\":\"https:\/\/souverainete-suisse.ch\/wp-content\/uploads\/2026\/02\/Drapeau-web-EN.png\",\"datePublished\":\"2026-02-11T14:09:15+00:00\",\"dateModified\":\"2026-04-01T07:27:47+00:00\",\"description\":\"Drapeau Souverainet\u00e9 Suisse 120x120 cm avec bouquetin, tissu FLAGBEST\u00ae RC165 r\u00e9sistant aux intemp\u00e9ries, double couture et fixation renforc\u00e9e. Impression recto-verso, fabrication suisse.\",\"breadcrumb\":{\"@id\":\"https:\/\/souverainete-suisse.ch\/produit\/drapeau-souverainete-suisse-edition-bouquetin-anglais\/#breadcrumb\"},\"inLanguage\":\"it-IT\",\"potentialAction\":[{\"@type\":\"ReadAction\",\"target\":[\"https:\/\/souverainete-suisse.ch\/produit\/drapeau-souverainete-suisse-edition-bouquetin-anglais\/\"]}]},{\"@type\":\"ImageObject\",\"inLanguage\":\"it-IT\",\"@id\":\"https:\/\/souverainete-suisse.ch\/produit\/drapeau-souverainete-suisse-edition-bouquetin-anglais\/#primaryimage\",\"url\":\"https:\/\/souverainete-suisse.ch\/wp-content\/uploads\/2026\/02\/Drapeau-web-EN.png\",\"contentUrl\":\"https:\/\/souverainete-suisse.ch\/wp-content\/uploads\/2026\/02\/Drapeau-web-EN.png\",\"width\":1146,\"height\":1104},{\"@type\":\"BreadcrumbList\",\"@id\":\"https:\/\/souverainete-suisse.ch\/produit\/drapeau-souverainete-suisse-edition-bouquetin-anglais\/#breadcrumb\",\"itemListElement\":[{\"@type\":\"ListItem\",\"position\":1,\"name\":\"Accueil\",\"item\":\"https:\/\/souverainete-suisse.ch\/\"},{\"@type\":\"ListItem\",\"position\":2,\"name\":\"Produits\",\"item\":\"https:\/\/souverainete-suisse.ch\/boutique\/\"},{\"@type\":\"ListItem\",\"position\":3,\"name\":\"Drapeau Souverainet\u00e9 Suisse \u2013 \u00c9dition Bouquetin Anglais\"}]},{\"@type\":\"WebSite\",\"@id\":\"https:\/\/souverainete-suisse.ch\/#website\",\"url\":\"https:\/\/souverainete-suisse.ch\/\",\"name\":\"Mouvement Souverainet\u00e9 Suisse\",\"description\":\"\",\"publisher\":{\"@id\":\"https:\/\/souverainete-suisse.ch\/#organization\"},\"potentialAction\":[{\"@type\":\"SearchAction\",\"target\":{\"@type\":\"EntryPoint\",\"urlTemplate\":\"https:\/\/souverainete-suisse.ch\/?s={search_term_string}\"},\"query-input\":{\"@type\":\"PropertyValueSpecification\",\"valueRequired\":true,\"valueName\":\"search_term_string\"}}],\"inLanguage\":\"it-IT\"},{\"@type\":\"Organization\",\"@id\":\"https:\/\/souverainete-suisse.ch\/#organization\",\"name\":\"Mouvement Souverainet\u00e9 Suisse\",\"url\":\"https:\/\/souverainete-suisse.ch\/\",\"logo\":{\"@type\":\"ImageObject\",\"inLanguage\":\"it-IT\",\"@id\":\"https:\/\/souverainete-suisse.ch\/#\/schema\/logo\/image\/\",\"url\":\"https:\/\/souverainete-suisse.ch\/wp-content\/uploads\/2025\/11\/logo.png\",\"contentUrl\":\"https:\/\/souverainete-suisse.ch\/wp-content\/uploads\/2025\/11\/logo.png\",\"width\":2053,\"height\":1461,\"caption\":\"Mouvement Souverainet\u00e9 Suisse\"},\"image\":{\"@id\":\"https:\/\/souverainete-suisse.ch\/#\/schema\/logo\/image\/\"}}]}<\/script>\n<!-- \/ Yoast SEO plugin. -->","yoast_head_json":{"title":"Bandiera della sovranit\u00e0 svizzera - edizione stambecco inglese - Movimento Svizzero per la Sovranit\u00e0","description":"Bandiera della sovranit\u00e0 svizzera 120x120 cm con stambecco, tessuto FLAGBEST\u00ae RC165 resistente alle intemperie, doppia cucitura e chiusura rinforzata. Stampata su entrambi i lati, di produzione svizzera.","robots":{"index":"index","follow":"follow","max-snippet":"max-snippet:-1","max-image-preview":"max-image-preview:large","max-video-preview":"max-video-preview:-1"},"canonical":"https:\/\/souverainete-suisse.ch\/it\/prodotto\/bandiera-della-sovranita-svizzera-edizione-stambecco-inglese\/","og_locale":"it_IT","og_type":"article","og_title":"Drapeau Souverainet\u00e9 Suisse \u2013 \u00c9dition Bouquetin Anglais - Mouvement Souverainet\u00e9 Suisse","og_description":"Drapeau Souverainet\u00e9 Suisse 120x120 cm avec bouquetin, tissu FLAGBEST\u00ae RC165 r\u00e9sistant aux intemp\u00e9ries, double couture et fixation renforc\u00e9e. Impression recto-verso, fabrication suisse.","og_url":"https:\/\/souverainete-suisse.ch\/it\/prodotto\/bandiera-della-sovranita-svizzera-edizione-stambecco-inglese\/","og_site_name":"Mouvement Souverainet\u00e9 Suisse","article_modified_time":"2026-04-01T07:27:47+00:00","og_image":[{"width":1146,"height":1104,"url":"https:\/\/souverainete-suisse.ch\/wp-content\/uploads\/2026\/02\/Drapeau-web-EN.png","type":"image\/png"}],"twitter_card":"summary_large_image","twitter_misc":{"Tempo di lettura stimato":"1 minuto"},"schema":{"@context":"https:\/\/schema.org","@graph":[{"@type":"WebPage","@id":"https:\/\/souverainete-suisse.ch\/produit\/drapeau-souverainete-suisse-edition-bouquetin-anglais\/","url":"https:\/\/souverainete-suisse.ch\/produit\/drapeau-souverainete-suisse-edition-bouquetin-anglais\/","name":"Bandiera della sovranit\u00e0 svizzera - edizione stambecco inglese - Movimento Svizzero per la Sovranit\u00e0","isPartOf":{"@id":"https:\/\/souverainete-suisse.ch\/#website"},"primaryImageOfPage":{"@id":"https:\/\/souverainete-suisse.ch\/produit\/drapeau-souverainete-suisse-edition-bouquetin-anglais\/#primaryimage"},"image":{"@id":"https:\/\/souverainete-suisse.ch\/produit\/drapeau-souverainete-suisse-edition-bouquetin-anglais\/#primaryimage"},"thumbnailUrl":"https:\/\/souverainete-suisse.ch\/wp-content\/uploads\/2026\/02\/Drapeau-web-EN.png","datePublished":"2026-02-11T14:09:15+00:00","dateModified":"2026-04-01T07:27:47+00:00","description":"Bandiera della sovranit\u00e0 svizzera 120x120 cm con stambecco, tessuto FLAGBEST\u00ae RC165 resistente alle intemperie, doppia cucitura e chiusura rinforzata. Stampata su entrambi i lati, di produzione svizzera.","breadcrumb":{"@id":"https:\/\/souverainete-suisse.ch\/produit\/drapeau-souverainete-suisse-edition-bouquetin-anglais\/#breadcrumb"},"inLanguage":"it-IT","potentialAction":[{"@type":"ReadAction","target":["https:\/\/souverainete-suisse.ch\/produit\/drapeau-souverainete-suisse-edition-bouquetin-anglais\/"]}]},{"@type":"ImageObject","inLanguage":"it-IT","@id":"https:\/\/souverainete-suisse.ch\/produit\/drapeau-souverainete-suisse-edition-bouquetin-anglais\/#primaryimage","url":"https:\/\/souverainete-suisse.ch\/wp-content\/uploads\/2026\/02\/Drapeau-web-EN.png","contentUrl":"https:\/\/souverainete-suisse.ch\/wp-content\/uploads\/2026\/02\/Drapeau-web-EN.png","width":1146,"height":1104},{"@type":"BreadcrumbList","@id":"https:\/\/souverainete-suisse.ch\/produit\/drapeau-souverainete-suisse-edition-bouquetin-anglais\/#breadcrumb","itemListElement":[{"@type":"ListItem","position":1,"name":"Accueil","item":"https:\/\/souverainete-suisse.ch\/"},{"@type":"ListItem","position":2,"name":"Produits","item":"https:\/\/souverainete-suisse.ch\/boutique\/"},{"@type":"ListItem","position":3,"name":"Drapeau Souverainet\u00e9 Suisse \u2013 \u00c9dition Bouquetin Anglais"}]},{"@type":"WebSite","@id":"https:\/\/souverainete-suisse.ch\/#website","url":"https:\/\/souverainete-suisse.ch\/","name":"Movimento per la sovranit\u00e0 della Svizzera","description":"","publisher":{"@id":"https:\/\/souverainete-suisse.ch\/#organization"},"potentialAction":[{"@type":"SearchAction","target":{"@type":"EntryPoint","urlTemplate":"https:\/\/souverainete-suisse.ch\/?s={search_term_string}"},"query-input":{"@type":"PropertyValueSpecification","valueRequired":true,"valueName":"search_term_string"}}],"inLanguage":"it-IT"},{"@type":"Organization","@id":"https:\/\/souverainete-suisse.ch\/#organization","name":"Movimento per la sovranit\u00e0 della Svizzera","url":"https:\/\/souverainete-suisse.ch\/","logo":{"@type":"ImageObject","inLanguage":"it-IT","@id":"https:\/\/souverainete-suisse.ch\/#\/schema\/logo\/image\/","url":"https:\/\/souverainete-suisse.ch\/wp-content\/uploads\/2025\/11\/logo.png","contentUrl":"https:\/\/souverainete-suisse.ch\/wp-content\/uploads\/2025\/11\/logo.png","width":2053,"height":1461,"caption":"Mouvement Souverainet\u00e9 Suisse"},"image":{"@id":"https:\/\/souverainete-suisse.ch\/#\/schema\/logo\/image\/"}}]}},"_links":{"self":[{"href":"https:\/\/souverainete-suisse.ch\/it\/wp-json\/wp\/v2\/product\/733","targetHints":{"allow":["GET"]}}],"collection":[{"href":"https:\/\/souverainete-suisse.ch\/it\/wp-json\/wp\/v2\/product"}],"about":[{"href":"https:\/\/souverainete-suisse.ch\/it\/wp-json\/wp\/v2\/types\/product"}],"replies":[{"embeddable":true,"href":"https:\/\/souverainete-suisse.ch\/it\/wp-json\/wp\/v2\/comments?post=733"}],"wp:featuredmedia":[{"embeddable":true,"href":"https:\/\/souverainete-suisse.ch\/it\/wp-json\/wp\/v2\/media\/988"}],"wp:attachment":[{"href":"https:\/\/souverainete-suisse.ch\/it\/wp-json\/wp\/v2\/media?parent=733"}],"wp:term":[{"taxonomy":"product_brand","embeddable":true,"href":"https:\/\/souverainete-suisse.ch\/it\/wp-json\/wp\/v2\/product_brand?post=733"},{"taxonomy":"product_cat","embeddable":true,"href":"https:\/\/souverainete-suisse.ch\/it\/wp-json\/wp\/v2\/product_cat?post=733"},{"taxonomy":"product_tag","embeddable":true,"href":"https:\/\/souverainete-suisse.ch\/it\/wp-json\/wp\/v2\/product_tag?post=733"}],"curies":[{"name":"wp","href":"https:\/\/api.w.org\/{rel}","templated":true}]}}