{"id":74,"date":"2025-11-19T17:58:58","date_gmt":"2025-11-19T16:58:58","guid":{"rendered":"https:\/\/dev.souverainete-suisse.ch\/?page_id=74"},"modified":"2026-02-17T22:39:00","modified_gmt":"2026-02-17T21:39:00","slug":"il-movimento","status":"publish","type":"page","link":"https:\/\/souverainete-suisse.ch\/it\/il-movimento\/","title":{"rendered":"Il movimento"},"content":{"rendered":"<div data-elementor-type=\"wp-page\" data-elementor-id=\"74\" class=\"elementor elementor-74\" data-elementor-post-type=\"page\">\n\t\t\t\t<div class=\"elementor-element elementor-element-a521d1d e-flex e-con-boxed e-con e-parent\" data-id=\"a521d1d\" data-element_type=\"container\" data-e-type=\"container\">\n\t\t\t\t\t<div class=\"e-con-inner\">\n\t\t\t\t<div class=\"elementor-element elementor-element-3fba270 elementor-widget elementor-widget-text-editor\" data-id=\"3fba270\" data-element_type=\"widget\" data-e-type=\"widget\" data-widget_type=\"text-editor.default\">\n\t\t\t\t\t\t\t\t\t<h3>Un movimento di cittadini per l'indipendenza, la neutralit\u00e0 e la democrazia diretta<\/h3>\n<p>Souverainet\u00e9 Suisse \u00e8 un movimento di cittadini indipendente e apartitico fondato il 1\u00b0 agosto 2025 - Festa nazionale svizzera - per difendere le basi di una Svizzera libera di fronte alle crescenti minacce alla Confederazione.<\/p>\n<p>In un mondo sempre pi\u00f9 instabile, dominato dalla logica del potere, da standard imposti dall'estero e dalla sottomissione agli interessi di una casta tecnocratica globalizzata, la Svizzera non pu\u00f2 pi\u00f9 permettersi di rimanere passiva. Come cittadini svizzeri, dobbiamo assumerci le nostre responsabilit\u00e0.<\/p>\n<h3>&nbsp;<\/h3>\n<h3>I nostri pilastri fondanti<\/h3>\n<p><strong>Sovranit\u00e0<\/strong><br>Senza sovranit\u00e0, non ci possono essere persone libere n\u00e9 democrazia. Il nostro movimento si batte affinch\u00e9 la Svizzera mantenga il controllo sulle sue leggi, sulla sua moneta, sulle sue istituzioni, sulle sue risorse naturali e sulle sue scelte economiche.<\/p>\n<p><strong>Neutralit\u00e0<\/strong><br>La neutralit\u00e0 svizzera non \u00e8 una reliquia: \u00e8 un principio di pace e indipendenza riconosciuto in tutto il mondo. Rifiutiamo qualsiasi partecipazione ad alleanze militari, sanzioni imposte da altre potenze o logiche di blocco.<\/p>\n<p><strong>Democrazia diretta<\/strong><br>Il popolo svizzero \u00e8 sovrano. Oggi questo principio non negoziabile viene aggirato, privato della sua sostanza o ignorato da \u00e9lite tecnocratiche che non ci rappresentano pi\u00f9. Vogliamo restituire il potere al popolo.<\/p>\n<h3>&nbsp;<\/h3>\n<h3>I nostri obiettivi<\/h3>\n<p>Aumentare la coscienza collettiva della Svizzera: attraverso campagne d'informazione, articoli d'opinione di forte impatto e azioni sul campo, rendiamo visibili gli attuali abusi.<br>Mobilitare tutte le generazioni intorno a un ideale svizzero che trascende le divisioni politiche.<br>Federare una rete di resistenti pacifici e impegnati: cittadini, avvocati, imprenditori, agricoltori, soldati, studenti, pensionati, artisti... uniti per difendere la nostra casa comune.<br>Creare la Fondazione Svizzera per la Sovranit\u00e0: uno strumento strategico a lungo termine per garantire la nostra indipendenza finanziaria e realizzare azioni fondamentali in Svizzera e all'estero.<br>Seguiamo le orme di Guglielmo Tell, di San Nicola di Flue e del Patto del 1291, ma anche delle nostre grandi figure moderne come il generale Guisan, Henri Druey e Alfred Escher, l'industriale visionario e costruttore della Svizzera moderna.<\/p>\n<p>La Svizzera si \u00e8 sempre battuta, contro ogni previsione, per preservare il suo modello, unico al mondo. Ora tocca a noi alzarci.<\/p>\t\t\t\t\t\t\t\t<\/div>\n\t\t\t\t<div class=\"elementor-element elementor-element-52e524c elementor-widget-divider--view-line elementor-widget elementor-widget-divider\" data-id=\"52e524c\" data-element_type=\"widget\" data-e-type=\"widget\" data-widget_type=\"divider.default\">\n\t\t\t\t\t\t\t<div class=\"elementor-divider\">\n\t\t\t<span class=\"elementor-divider-separator\">\n\t\t\t\t\t\t<\/span>\n\t\t<\/div>\n\t\t\t\t\t\t<\/div>\n\t\t\t\t<div class=\"elementor-element elementor-element-645d175 elementor-widget elementor-widget-heading\" data-id=\"645d175\" data-element_type=\"widget\" data-e-type=\"widget\" data-widget_type=\"heading.default\">\n\t\t\t\t\t<h3 class=\"elementor-heading-title elementor-size-default\">Il comitato<\/h3>\t\t\t\t<\/div>\n\t\t<div class=\"elementor-element elementor-element-28de52a e-con-full e-flex e-con e-child\" data-id=\"28de52a\" data-element_type=\"container\" data-e-type=\"container\">\n\t\t<div class=\"elementor-element elementor-element-5813e13 e-con-full e-flex e-con e-child\" data-id=\"5813e13\" data-element_type=\"container\" data-e-type=\"container\">\n\t\t\t\t<div class=\"elementor-element elementor-element-4d25e6b elementor-widget elementor-widget-image\" data-id=\"4d25e6b\" data-element_type=\"widget\" data-e-type=\"widget\" data-widget_type=\"image.default\">\n\t\t\t\t\t\t\t\t\t\t\t\t\t\t\t<img fetchpriority=\"high\" decoding=\"async\" width=\"495\" height=\"570\" src=\"https:\/\/souverainete-suisse.ch\/wp-content\/uploads\/2025\/11\/Ludovic-Malot.jpg\" class=\"attachment-full size-full wp-image-285\" alt=\"\" srcset=\"https:\/\/souverainete-suisse.ch\/wp-content\/uploads\/2025\/11\/Ludovic-Malot.jpg 495w, https:\/\/souverainete-suisse.ch\/wp-content\/uploads\/2025\/11\/Ludovic-Malot-261x300.jpg 261w, https:\/\/souverainete-suisse.ch\/wp-content\/uploads\/2025\/11\/Ludovic-Malot-10x12.jpg 10w\" sizes=\"(max-width: 495px) 100vw, 495px\" \/>\t\t\t\t\t\t\t\t\t\t\t\t\t\t\t<\/div>\n\t\t\t\t<div class=\"elementor-element elementor-element-d0847a1 elementor-widget elementor-widget-heading\" data-id=\"d0847a1\" data-element_type=\"widget\" data-e-type=\"widget\" data-widget_type=\"heading.default\">\n\t\t\t\t\t<h3 class=\"elementor-heading-title elementor-size-default\">Ludovic Malot<\/h3>\t\t\t\t<\/div>\n\t\t\t\t<div class=\"elementor-element elementor-element-165210d elementor-widget elementor-widget-heading\" data-id=\"165210d\" data-element_type=\"widget\" data-e-type=\"widget\" data-widget_type=\"heading.default\">\n\t\t\t\t\t<h3 class=\"elementor-heading-title elementor-size-default\">Presidente<\/h3>\t\t\t\t<\/div>\n\t\t\t\t<\/div>\n\t\t<div class=\"elementor-element elementor-element-a253293 e-con-full e-flex e-con e-child\" data-id=\"a253293\" data-element_type=\"container\" data-e-type=\"container\">\n\t\t\t\t<div class=\"elementor-element elementor-element-ce9c67d elementor-widget elementor-widget-image\" data-id=\"ce9c67d\" data-element_type=\"widget\" data-e-type=\"widget\" data-widget_type=\"image.default\">\n\t\t\t\t\t\t\t\t\t\t\t\t\t\t\t<img decoding=\"async\" width=\"639\" height=\"960\" src=\"https:\/\/souverainete-suisse.ch\/wp-content\/uploads\/2025\/11\/Philippe-Renaud.jpg\" class=\"attachment-full size-full wp-image-284\" alt=\"\" srcset=\"https:\/\/souverainete-suisse.ch\/wp-content\/uploads\/2025\/11\/Philippe-Renaud.jpg 639w, https:\/\/souverainete-suisse.ch\/wp-content\/uploads\/2025\/11\/Philippe-Renaud-600x901.jpg 600w, https:\/\/souverainete-suisse.ch\/wp-content\/uploads\/2025\/11\/Philippe-Renaud-200x300.jpg 200w, https:\/\/souverainete-suisse.ch\/wp-content\/uploads\/2025\/11\/Philippe-Renaud-8x12.jpg 8w\" sizes=\"(max-width: 639px) 100vw, 639px\" \/>\t\t\t\t\t\t\t\t\t\t\t\t\t\t\t<\/div>\n\t\t\t\t<div class=\"elementor-element elementor-element-9b020b1 elementor-widget elementor-widget-heading\" data-id=\"9b020b1\" data-element_type=\"widget\" data-e-type=\"widget\" data-widget_type=\"heading.default\">\n\t\t\t\t\t<h3 class=\"elementor-heading-title elementor-size-default\">Philippe Renaud<\/h3>\t\t\t\t<\/div>\n\t\t\t\t<div class=\"elementor-element elementor-element-e5f8652 elementor-widget elementor-widget-heading\" data-id=\"e5f8652\" data-element_type=\"widget\" data-e-type=\"widget\" data-widget_type=\"heading.default\">\n\t\t\t\t\t<h3 class=\"elementor-heading-title elementor-size-default\">Vicepresidente<\/h3>\t\t\t\t<\/div>\n\t\t\t\t<\/div>\n\t\t<div class=\"elementor-element elementor-element-e48ecd7 e-con-full e-flex e-con e-child\" data-id=\"e48ecd7\" data-element_type=\"container\" data-e-type=\"container\">\n\t\t\t\t<div class=\"elementor-element elementor-element-b01fd7d elementor-widget elementor-widget-image\" data-id=\"b01fd7d\" data-element_type=\"widget\" data-e-type=\"widget\" data-widget_type=\"image.default\">\n\t\t\t\t\t\t\t\t\t\t\t\t\t\t\t<img decoding=\"async\" src=\"https:\/\/souverainete-suisse.ch\/wp-content\/plugins\/elementor\/assets\/images\/placeholder.png\" title=\"\" alt=\"\" loading=\"lazy\" \/>\t\t\t\t\t\t\t\t\t\t\t\t\t\t\t<\/div>\n\t\t\t\t<div class=\"elementor-element elementor-element-0f38f64 elementor-widget elementor-widget-heading\" data-id=\"0f38f64\" data-element_type=\"widget\" data-e-type=\"widget\" data-widget_type=\"heading.default\">\n\t\t\t\t\t<h3 class=\"elementor-heading-title elementor-size-default\">Ren\u00e9-Daniel Maire<\/h3>\t\t\t\t<\/div>\n\t\t\t\t<div class=\"elementor-element elementor-element-ebca084 elementor-widget elementor-widget-heading\" data-id=\"ebca084\" data-element_type=\"widget\" data-e-type=\"widget\" data-widget_type=\"heading.default\">\n\t\t\t\t\t<h3 class=\"elementor-heading-title elementor-size-default\">Segretario Generale e Tesoriere<\/h3>\t\t\t\t<\/div>\n\t\t\t\t<\/div>\n\t\t<div class=\"elementor-element elementor-element-a74c8a8 e-con-full e-flex e-con e-child\" data-id=\"a74c8a8\" data-element_type=\"container\" data-e-type=\"container\">\n\t\t\t\t<div class=\"elementor-element elementor-element-8101132 elementor-widget elementor-widget-image\" data-id=\"8101132\" data-element_type=\"widget\" data-e-type=\"widget\" data-widget_type=\"image.default\">\n\t\t\t\t\t\t\t\t\t\t\t\t\t\t\t<img decoding=\"async\" src=\"https:\/\/souverainete-suisse.ch\/wp-content\/plugins\/elementor\/assets\/images\/placeholder.png\" title=\"\" alt=\"\" loading=\"lazy\" \/>\t\t\t\t\t\t\t\t\t\t\t\t\t\t\t<\/div>\n\t\t\t\t<div class=\"elementor-element elementor-element-95e899a elementor-widget elementor-widget-heading\" data-id=\"95e899a\" data-element_type=\"widget\" data-e-type=\"widget\" data-widget_type=\"heading.default\">\n\t\t\t\t\t<h3 class=\"elementor-heading-title elementor-size-default\">Relazioni con la stampa<\/h3>\t\t\t\t<\/div>\n\t\t\t\t<\/div>\n\t\t\t\t<\/div>\n\t\t\t\t\t<\/div>\n\t\t\t\t<\/div>\n\t\t\t\t<\/div>","protected":false},"excerpt":{"rendered":"<p>Un mouvement citoyen pour l\u2019ind\u00e9pendance, la neutralit\u00e9 et la d\u00e9mocratie directe Souverainet\u00e9 Suisse est un mouvement citoyen ind\u00e9pendant et apartisan fond\u00e9 le 1er ao\u00fbt 2025 \u2013 jour de la F\u00eate nationale \u2013 pour d\u00e9fendre les fondements de la Suisse libre face aux menaces croissantes qui p\u00e8sent sur la conf\u00e9d\u00e9ration. Dans un monde de plus en [&hellip;]<\/p>\n","protected":false},"author":4,"featured_media":0,"parent":0,"menu_order":0,"comment_status":"closed","ping_status":"closed","template":"elementor_header_footer","meta":{"footnotes":""},"class_list":["post-74","page","type-page","status-publish","hentry"],"yoast_head":"<!-- This site is optimized with the Yoast SEO plugin v26.9 - https:\/\/yoast.com\/product\/yoast-seo-wordpress\/ -->\n<title>Le mouvement - Mouvement Souverainet\u00e9 Suisse<\/title>\n<meta name=\"robots\" content=\"index, follow, max-snippet:-1, max-image-preview:large, max-video-preview:-1\" \/>\n<link rel=\"canonical\" href=\"https:\/\/souverainete-suisse.ch\/it\/il-movimento\/\" \/>\n<meta property=\"og:locale\" content=\"it_IT\" \/>\n<meta property=\"og:type\" content=\"article\" \/>\n<meta property=\"og:title\" content=\"Le mouvement - Mouvement Souverainet\u00e9 Suisse\" \/>\n<meta property=\"og:description\" content=\"Un mouvement citoyen pour l\u2019ind\u00e9pendance, la neutralit\u00e9 et la d\u00e9mocratie directe Souverainet\u00e9 Suisse est un mouvement citoyen ind\u00e9pendant et apartisan fond\u00e9 le 1er ao\u00fbt 2025 \u2013 jour de la F\u00eate nationale \u2013 pour d\u00e9fendre les fondements de la Suisse libre face aux menaces croissantes qui p\u00e8sent sur la conf\u00e9d\u00e9ration. Dans un monde de plus en [&hellip;]\" \/>\n<meta property=\"og:url\" content=\"https:\/\/souverainete-suisse.ch\/it\/il-movimento\/\" \/>\n<meta property=\"og:site_name\" content=\"Mouvement Souverainet\u00e9 Suisse\" \/>\n<meta property=\"article:modified_time\" content=\"2026-02-17T21:39:00+00:00\" \/>\n<meta property=\"og:image\" content=\"https:\/\/souverainete-suisse.ch\/wp-content\/uploads\/2025\/11\/Ludovic-Malot.jpg\" \/>\n\t<meta property=\"og:image:width\" content=\"495\" \/>\n\t<meta property=\"og:image:height\" content=\"570\" \/>\n\t<meta property=\"og:image:type\" content=\"image\/jpeg\" \/>\n<meta name=\"twitter:card\" content=\"summary_large_image\" \/>\n<meta name=\"twitter:label1\" content=\"Tempo di lettura stimato\" \/>\n\t<meta name=\"twitter:data1\" content=\"2 minuti\" \/>\n<script type=\"application\/ld+json\" class=\"yoast-schema-graph\">{\"@context\":\"https:\/\/schema.org\",\"@graph\":[{\"@type\":\"WebPage\",\"@id\":\"https:\/\/souverainete-suisse.ch\/le-mouvement\/\",\"url\":\"https:\/\/souverainete-suisse.ch\/le-mouvement\/\",\"name\":\"Le mouvement - Mouvement Souverainet\u00e9 Suisse\",\"isPartOf\":{\"@id\":\"https:\/\/souverainete-suisse.ch\/#website\"},\"primaryImageOfPage\":{\"@id\":\"https:\/\/souverainete-suisse.ch\/le-mouvement\/#primaryimage\"},\"image\":{\"@id\":\"https:\/\/souverainete-suisse.ch\/le-mouvement\/#primaryimage\"},\"thumbnailUrl\":\"https:\/\/souverainete-suisse.ch\/wp-content\/uploads\/2025\/11\/Ludovic-Malot.jpg\",\"datePublished\":\"2025-11-19T16:58:58+00:00\",\"dateModified\":\"2026-02-17T21:39:00+00:00\",\"breadcrumb\":{\"@id\":\"https:\/\/souverainete-suisse.ch\/le-mouvement\/#breadcrumb\"},\"inLanguage\":\"it-IT\",\"potentialAction\":[{\"@type\":\"ReadAction\",\"target\":[\"https:\/\/souverainete-suisse.ch\/le-mouvement\/\"]}]},{\"@type\":\"ImageObject\",\"inLanguage\":\"it-IT\",\"@id\":\"https:\/\/souverainete-suisse.ch\/le-mouvement\/#primaryimage\",\"url\":\"https:\/\/souverainete-suisse.ch\/wp-content\/uploads\/2025\/11\/Ludovic-Malot.jpg\",\"contentUrl\":\"https:\/\/souverainete-suisse.ch\/wp-content\/uploads\/2025\/11\/Ludovic-Malot.jpg\"},{\"@type\":\"BreadcrumbList\",\"@id\":\"https:\/\/souverainete-suisse.ch\/le-mouvement\/#breadcrumb\",\"itemListElement\":[{\"@type\":\"ListItem\",\"position\":1,\"name\":\"Accueil\",\"item\":\"https:\/\/souverainete-suisse.ch\/\"},{\"@type\":\"ListItem\",\"position\":2,\"name\":\"Le mouvement\"}]},{\"@type\":\"WebSite\",\"@id\":\"https:\/\/souverainete-suisse.ch\/#website\",\"url\":\"https:\/\/souverainete-suisse.ch\/\",\"name\":\"Mouvement Souverainet\u00e9 Suisse\",\"description\":\"\",\"publisher\":{\"@id\":\"https:\/\/souverainete-suisse.ch\/#organization\"},\"potentialAction\":[{\"@type\":\"SearchAction\",\"target\":{\"@type\":\"EntryPoint\",\"urlTemplate\":\"https:\/\/souverainete-suisse.ch\/?s={search_term_string}\"},\"query-input\":{\"@type\":\"PropertyValueSpecification\",\"valueRequired\":true,\"valueName\":\"search_term_string\"}}],\"inLanguage\":\"it-IT\"},{\"@type\":\"Organization\",\"@id\":\"https:\/\/souverainete-suisse.ch\/#organization\",\"name\":\"Mouvement Souverainet\u00e9 Suisse\",\"url\":\"https:\/\/souverainete-suisse.ch\/\",\"logo\":{\"@type\":\"ImageObject\",\"inLanguage\":\"it-IT\",\"@id\":\"https:\/\/souverainete-suisse.ch\/#\/schema\/logo\/image\/\",\"url\":\"https:\/\/souverainete-suisse.ch\/wp-content\/uploads\/2025\/11\/logo.png\",\"contentUrl\":\"https:\/\/souverainete-suisse.ch\/wp-content\/uploads\/2025\/11\/logo.png\",\"width\":2053,\"height\":1461,\"caption\":\"Mouvement Souverainet\u00e9 Suisse\"},\"image\":{\"@id\":\"https:\/\/souverainete-suisse.ch\/#\/schema\/logo\/image\/\"}}]}<\/script>\n<!-- \/ Yoast SEO plugin. -->","yoast_head_json":{"title":"Il movimento - Mouvement Souverainet\u00e9 Suisse","robots":{"index":"index","follow":"follow","max-snippet":"max-snippet:-1","max-image-preview":"max-image-preview:large","max-video-preview":"max-video-preview:-1"},"canonical":"https:\/\/souverainete-suisse.ch\/it\/il-movimento\/","og_locale":"it_IT","og_type":"article","og_title":"Le mouvement - Mouvement Souverainet\u00e9 Suisse","og_description":"Un mouvement citoyen pour l\u2019ind\u00e9pendance, la neutralit\u00e9 et la d\u00e9mocratie directe Souverainet\u00e9 Suisse est un mouvement citoyen ind\u00e9pendant et apartisan fond\u00e9 le 1er ao\u00fbt 2025 \u2013 jour de la F\u00eate nationale \u2013 pour d\u00e9fendre les fondements de la Suisse libre face aux menaces croissantes qui p\u00e8sent sur la conf\u00e9d\u00e9ration. Dans un monde de plus en [&hellip;]","og_url":"https:\/\/souverainete-suisse.ch\/it\/il-movimento\/","og_site_name":"Mouvement Souverainet\u00e9 Suisse","article_modified_time":"2026-02-17T21:39:00+00:00","og_image":[{"width":495,"height":570,"url":"https:\/\/souverainete-suisse.ch\/wp-content\/uploads\/2025\/11\/Ludovic-Malot.jpg","type":"image\/jpeg"}],"twitter_card":"summary_large_image","twitter_misc":{"Tempo di lettura stimato":"2 minuti"},"schema":{"@context":"https:\/\/schema.org","@graph":[{"@type":"WebPage","@id":"https:\/\/souverainete-suisse.ch\/le-mouvement\/","url":"https:\/\/souverainete-suisse.ch\/le-mouvement\/","name":"Il movimento - Mouvement Souverainet\u00e9 Suisse","isPartOf":{"@id":"https:\/\/souverainete-suisse.ch\/#website"},"primaryImageOfPage":{"@id":"https:\/\/souverainete-suisse.ch\/le-mouvement\/#primaryimage"},"image":{"@id":"https:\/\/souverainete-suisse.ch\/le-mouvement\/#primaryimage"},"thumbnailUrl":"https:\/\/souverainete-suisse.ch\/wp-content\/uploads\/2025\/11\/Ludovic-Malot.jpg","datePublished":"2025-11-19T16:58:58+00:00","dateModified":"2026-02-17T21:39:00+00:00","breadcrumb":{"@id":"https:\/\/souverainete-suisse.ch\/le-mouvement\/#breadcrumb"},"inLanguage":"it-IT","potentialAction":[{"@type":"ReadAction","target":["https:\/\/souverainete-suisse.ch\/le-mouvement\/"]}]},{"@type":"ImageObject","inLanguage":"it-IT","@id":"https:\/\/souverainete-suisse.ch\/le-mouvement\/#primaryimage","url":"https:\/\/souverainete-suisse.ch\/wp-content\/uploads\/2025\/11\/Ludovic-Malot.jpg","contentUrl":"https:\/\/souverainete-suisse.ch\/wp-content\/uploads\/2025\/11\/Ludovic-Malot.jpg"},{"@type":"BreadcrumbList","@id":"https:\/\/souverainete-suisse.ch\/le-mouvement\/#breadcrumb","itemListElement":[{"@type":"ListItem","position":1,"name":"Accueil","item":"https:\/\/souverainete-suisse.ch\/"},{"@type":"ListItem","position":2,"name":"Le mouvement"}]},{"@type":"WebSite","@id":"https:\/\/souverainete-suisse.ch\/#website","url":"https:\/\/souverainete-suisse.ch\/","name":"Movimento per la sovranit\u00e0 della Svizzera","description":"","publisher":{"@id":"https:\/\/souverainete-suisse.ch\/#organization"},"potentialAction":[{"@type":"SearchAction","target":{"@type":"EntryPoint","urlTemplate":"https:\/\/souverainete-suisse.ch\/?s={search_term_string}"},"query-input":{"@type":"PropertyValueSpecification","valueRequired":true,"valueName":"search_term_string"}}],"inLanguage":"it-IT"},{"@type":"Organization","@id":"https:\/\/souverainete-suisse.ch\/#organization","name":"Movimento per la sovranit\u00e0 della Svizzera","url":"https:\/\/souverainete-suisse.ch\/","logo":{"@type":"ImageObject","inLanguage":"it-IT","@id":"https:\/\/souverainete-suisse.ch\/#\/schema\/logo\/image\/","url":"https:\/\/souverainete-suisse.ch\/wp-content\/uploads\/2025\/11\/logo.png","contentUrl":"https:\/\/souverainete-suisse.ch\/wp-content\/uploads\/2025\/11\/logo.png","width":2053,"height":1461,"caption":"Mouvement Souverainet\u00e9 Suisse"},"image":{"@id":"https:\/\/souverainete-suisse.ch\/#\/schema\/logo\/image\/"}}]}},"_links":{"self":[{"href":"https:\/\/souverainete-suisse.ch\/it\/wp-json\/wp\/v2\/pages\/74","targetHints":{"allow":["GET"]}}],"collection":[{"href":"https:\/\/souverainete-suisse.ch\/it\/wp-json\/wp\/v2\/pages"}],"about":[{"href":"https:\/\/souverainete-suisse.ch\/it\/wp-json\/wp\/v2\/types\/page"}],"author":[{"embeddable":true,"href":"https:\/\/souverainete-suisse.ch\/it\/wp-json\/wp\/v2\/users\/4"}],"replies":[{"embeddable":true,"href":"https:\/\/souverainete-suisse.ch\/it\/wp-json\/wp\/v2\/comments?post=74"}],"version-history":[{"count":43,"href":"https:\/\/souverainete-suisse.ch\/it\/wp-json\/wp\/v2\/pages\/74\/revisions"}],"predecessor-version":[{"id":893,"href":"https:\/\/souverainete-suisse.ch\/it\/wp-json\/wp\/v2\/pages\/74\/revisions\/893"}],"wp:attachment":[{"href":"https:\/\/souverainete-suisse.ch\/it\/wp-json\/wp\/v2\/media?parent=74"}],"curies":[{"name":"wp","href":"https:\/\/api.w.org\/{rel}","templated":true}]}}