{"id":739,"date":"2026-02-11T15:14:05","date_gmt":"2026-02-11T14:14:05","guid":{"rendered":"https:\/\/souverainete-suisse.ch\/?post_type=product&#038;p=739"},"modified":"2026-02-14T17:24:29","modified_gmt":"2026-02-14T16:24:29","slug":"swiss-sovereign-pins-ambassador-edition-x10","status":"publish","type":"product","link":"https:\/\/souverainete-suisse.ch\/en\/product-2\/swiss-sovereign-pins-ambassador-edition-x10\/","title":{"rendered":"Swiss Sovereignty Pin - Ambassador Edition x10"},"content":{"rendered":"<p class=\"p1\"><span class=\"s1\">\ud83c\udde8\ud83c\udded <\/span><b>Swiss Sovereignty Pin - Ambassador Edition<\/b><b><\/b><\/p>\n<p class=\"p3\">Assert your convictions with elegance.<\/p>\n<p class=\"p3\">The Swiss Sovereignty pin is made from high-quality metal and carefully enamelled, offering deep colours, a glossy finish and excellent durability. Compact, discreet and refined, it can be worn on a jacket, coat, bag or at public events.<\/p>\n<p class=\"p3\">More than an accessory, it's a symbol of commitment.<\/p>\n<p class=\"p3\">Reserved for supporters, it embodies the spirit of independence, responsibility and attachment to Swiss institutions. By wearing this pin, you become an Ambassador of Swiss Sovereignty and soberly demonstrate your attachment to freedom and control over our collective destiny.<\/p>","protected":false},"excerpt":{"rendered":"<p>The Souverainet\u00e9 Suisse pin is made from high-quality metal with careful enamelling, offering deep colours, a glossy finish and excellent durability.<\/p>","protected":false},"featured_media":864,"comment_status":"open","ping_status":"closed","template":"","meta":[],"product_brand":[],"product_cat":[28],"product_tag":[],"class_list":{"0":"post-739","1":"product","2":"type-product","3":"status-publish","4":"has-post-thumbnail","6":"product_cat-pin","7":"product_shipping_class-pin-shipping","9":"first","10":"instock","11":"shipping-taxable","12":"purchasable","13":"product-type-simple"},"yoast_head":"<!-- This site is optimized with the Yoast SEO plugin v26.9 - https:\/\/yoast.com\/product\/yoast-seo-wordpress\/ -->\n<title>Pin\u2019s Souverainet\u00e9 Suisse \u2013 \u00c9dition Ambassadeur x10 - Mouvement Souverainet\u00e9 Suisse<\/title>\n<meta name=\"description\" content=\"Pin\u2019s Souverainet\u00e9 Suisse en m\u00e9tal \u00e9maill\u00e9 haute qualit\u00e9, finition soign\u00e9e et durable. Symbole d\u2019engagement r\u00e9serv\u00e9 aux sympathisants, id\u00e9al \u00e0 porter lors d\u2019\u00e9v\u00e9nements et actions publiques\" \/>\n<meta name=\"robots\" content=\"index, follow, max-snippet:-1, max-image-preview:large, max-video-preview:-1\" \/>\n<link rel=\"canonical\" href=\"https:\/\/souverainete-suisse.ch\/en\/product-2\/swiss-sovereign-pins-ambassador-edition-x10\/\" \/>\n<meta property=\"og:locale\" content=\"en_GB\" \/>\n<meta property=\"og:type\" content=\"article\" \/>\n<meta property=\"og:title\" content=\"Pin\u2019s Souverainet\u00e9 Suisse \u2013 \u00c9dition Ambassadeur x10 - Mouvement Souverainet\u00e9 Suisse\" \/>\n<meta property=\"og:description\" content=\"Pin\u2019s Souverainet\u00e9 Suisse en m\u00e9tal \u00e9maill\u00e9 haute qualit\u00e9, finition soign\u00e9e et durable. Symbole d\u2019engagement r\u00e9serv\u00e9 aux sympathisants, id\u00e9al \u00e0 porter lors d\u2019\u00e9v\u00e9nements et actions publiques\" \/>\n<meta property=\"og:url\" content=\"https:\/\/souverainete-suisse.ch\/en\/product-2\/swiss-sovereign-pins-ambassador-edition-x10\/\" \/>\n<meta property=\"og:site_name\" content=\"Mouvement Souverainet\u00e9 Suisse\" \/>\n<meta property=\"article:modified_time\" content=\"2026-02-14T16:24:29+00:00\" \/>\n<meta property=\"og:image\" content=\"https:\/\/souverainete-suisse.ch\/wp-content\/uploads\/2026\/02\/pins-2.jpg\" \/>\n\t<meta property=\"og:image:width\" content=\"850\" \/>\n\t<meta property=\"og:image:height\" content=\"727\" \/>\n\t<meta property=\"og:image:type\" content=\"image\/jpeg\" \/>\n<meta name=\"twitter:card\" content=\"summary_large_image\" \/>\n<meta name=\"twitter:label1\" content=\"Estimated reading time\" \/>\n\t<meta name=\"twitter:data1\" content=\"1 minute\" \/>\n<script type=\"application\/ld+json\" class=\"yoast-schema-graph\">{\"@context\":\"https:\/\/schema.org\",\"@graph\":[{\"@type\":\"WebPage\",\"@id\":\"https:\/\/souverainete-suisse.ch\/produit\/pins-souverainete-suisse-edition-ambassadeur-x10\/\",\"url\":\"https:\/\/souverainete-suisse.ch\/produit\/pins-souverainete-suisse-edition-ambassadeur-x10\/\",\"name\":\"Pin\u2019s Souverainet\u00e9 Suisse \u2013 \u00c9dition Ambassadeur x10 - Mouvement Souverainet\u00e9 Suisse\",\"isPartOf\":{\"@id\":\"https:\/\/souverainete-suisse.ch\/#website\"},\"primaryImageOfPage\":{\"@id\":\"https:\/\/souverainete-suisse.ch\/produit\/pins-souverainete-suisse-edition-ambassadeur-x10\/#primaryimage\"},\"image\":{\"@id\":\"https:\/\/souverainete-suisse.ch\/produit\/pins-souverainete-suisse-edition-ambassadeur-x10\/#primaryimage\"},\"thumbnailUrl\":\"https:\/\/souverainete-suisse.ch\/wp-content\/uploads\/2026\/02\/pins-2.jpg\",\"datePublished\":\"2026-02-11T14:14:05+00:00\",\"dateModified\":\"2026-02-14T16:24:29+00:00\",\"description\":\"Pin\u2019s Souverainet\u00e9 Suisse en m\u00e9tal \u00e9maill\u00e9 haute qualit\u00e9, finition soign\u00e9e et durable. Symbole d\u2019engagement r\u00e9serv\u00e9 aux sympathisants, id\u00e9al \u00e0 porter lors d\u2019\u00e9v\u00e9nements et actions publiques\",\"breadcrumb\":{\"@id\":\"https:\/\/souverainete-suisse.ch\/produit\/pins-souverainete-suisse-edition-ambassadeur-x10\/#breadcrumb\"},\"inLanguage\":\"en-GB\",\"potentialAction\":[{\"@type\":\"ReadAction\",\"target\":[\"https:\/\/souverainete-suisse.ch\/produit\/pins-souverainete-suisse-edition-ambassadeur-x10\/\"]}]},{\"@type\":\"ImageObject\",\"inLanguage\":\"en-GB\",\"@id\":\"https:\/\/souverainete-suisse.ch\/produit\/pins-souverainete-suisse-edition-ambassadeur-x10\/#primaryimage\",\"url\":\"https:\/\/souverainete-suisse.ch\/wp-content\/uploads\/2026\/02\/pins-2.jpg\",\"contentUrl\":\"https:\/\/souverainete-suisse.ch\/wp-content\/uploads\/2026\/02\/pins-2.jpg\",\"width\":850,\"height\":727},{\"@type\":\"BreadcrumbList\",\"@id\":\"https:\/\/souverainete-suisse.ch\/produit\/pins-souverainete-suisse-edition-ambassadeur-x10\/#breadcrumb\",\"itemListElement\":[{\"@type\":\"ListItem\",\"position\":1,\"name\":\"Accueil\",\"item\":\"https:\/\/souverainete-suisse.ch\/\"},{\"@type\":\"ListItem\",\"position\":2,\"name\":\"Produits\",\"item\":\"https:\/\/souverainete-suisse.ch\/boutique\/\"},{\"@type\":\"ListItem\",\"position\":3,\"name\":\"Pin\u2019s Souverainet\u00e9 Suisse \u2013 \u00c9dition Ambassadeur x10\"}]},{\"@type\":\"WebSite\",\"@id\":\"https:\/\/souverainete-suisse.ch\/#website\",\"url\":\"https:\/\/souverainete-suisse.ch\/\",\"name\":\"Mouvement Souverainet\u00e9 Suisse\",\"description\":\"\",\"publisher\":{\"@id\":\"https:\/\/souverainete-suisse.ch\/#organization\"},\"potentialAction\":[{\"@type\":\"SearchAction\",\"target\":{\"@type\":\"EntryPoint\",\"urlTemplate\":\"https:\/\/souverainete-suisse.ch\/?s={search_term_string}\"},\"query-input\":{\"@type\":\"PropertyValueSpecification\",\"valueRequired\":true,\"valueName\":\"search_term_string\"}}],\"inLanguage\":\"en-GB\"},{\"@type\":\"Organization\",\"@id\":\"https:\/\/souverainete-suisse.ch\/#organization\",\"name\":\"Mouvement Souverainet\u00e9 Suisse\",\"url\":\"https:\/\/souverainete-suisse.ch\/\",\"logo\":{\"@type\":\"ImageObject\",\"inLanguage\":\"en-GB\",\"@id\":\"https:\/\/souverainete-suisse.ch\/#\/schema\/logo\/image\/\",\"url\":\"https:\/\/souverainete-suisse.ch\/wp-content\/uploads\/2025\/11\/logo.png\",\"contentUrl\":\"https:\/\/souverainete-suisse.ch\/wp-content\/uploads\/2025\/11\/logo.png\",\"width\":2053,\"height\":1461,\"caption\":\"Mouvement Souverainet\u00e9 Suisse\"},\"image\":{\"@id\":\"https:\/\/souverainete-suisse.ch\/#\/schema\/logo\/image\/\"}}]}<\/script>\n<!-- \/ Yoast SEO plugin. -->","yoast_head_json":{"title":"Swiss Sovereignty Pin - Ambassador Edition x10 - Swiss Sovereignty Movement","description":"Swiss Sovereignty pin in high-quality enamelled metal, with a neat, durable finish. A symbol of commitment reserved for supporters, ideal for wearing at events and public actions.","robots":{"index":"index","follow":"follow","max-snippet":"max-snippet:-1","max-image-preview":"max-image-preview:large","max-video-preview":"max-video-preview:-1"},"canonical":"https:\/\/souverainete-suisse.ch\/en\/product-2\/swiss-sovereign-pins-ambassador-edition-x10\/","og_locale":"en_GB","og_type":"article","og_title":"Pin\u2019s Souverainet\u00e9 Suisse \u2013 \u00c9dition Ambassadeur x10 - Mouvement Souverainet\u00e9 Suisse","og_description":"Pin\u2019s Souverainet\u00e9 Suisse en m\u00e9tal \u00e9maill\u00e9 haute qualit\u00e9, finition soign\u00e9e et durable. Symbole d\u2019engagement r\u00e9serv\u00e9 aux sympathisants, id\u00e9al \u00e0 porter lors d\u2019\u00e9v\u00e9nements et actions publiques","og_url":"https:\/\/souverainete-suisse.ch\/en\/product-2\/swiss-sovereign-pins-ambassador-edition-x10\/","og_site_name":"Mouvement Souverainet\u00e9 Suisse","article_modified_time":"2026-02-14T16:24:29+00:00","og_image":[{"width":850,"height":727,"url":"https:\/\/souverainete-suisse.ch\/wp-content\/uploads\/2026\/02\/pins-2.jpg","type":"image\/jpeg"}],"twitter_card":"summary_large_image","twitter_misc":{"Estimated reading time":"1 minute"},"schema":{"@context":"https:\/\/schema.org","@graph":[{"@type":"WebPage","@id":"https:\/\/souverainete-suisse.ch\/produit\/pins-souverainete-suisse-edition-ambassadeur-x10\/","url":"https:\/\/souverainete-suisse.ch\/produit\/pins-souverainete-suisse-edition-ambassadeur-x10\/","name":"Swiss Sovereignty Pin - Ambassador Edition x10 - Swiss Sovereignty Movement","isPartOf":{"@id":"https:\/\/souverainete-suisse.ch\/#website"},"primaryImageOfPage":{"@id":"https:\/\/souverainete-suisse.ch\/produit\/pins-souverainete-suisse-edition-ambassadeur-x10\/#primaryimage"},"image":{"@id":"https:\/\/souverainete-suisse.ch\/produit\/pins-souverainete-suisse-edition-ambassadeur-x10\/#primaryimage"},"thumbnailUrl":"https:\/\/souverainete-suisse.ch\/wp-content\/uploads\/2026\/02\/pins-2.jpg","datePublished":"2026-02-11T14:14:05+00:00","dateModified":"2026-02-14T16:24:29+00:00","description":"Swiss Sovereignty pin in high-quality enamelled metal, with a neat, durable finish. A symbol of commitment reserved for supporters, ideal for wearing at events and public actions.","breadcrumb":{"@id":"https:\/\/souverainete-suisse.ch\/produit\/pins-souverainete-suisse-edition-ambassadeur-x10\/#breadcrumb"},"inLanguage":"en-GB","potentialAction":[{"@type":"ReadAction","target":["https:\/\/souverainete-suisse.ch\/produit\/pins-souverainete-suisse-edition-ambassadeur-x10\/"]}]},{"@type":"ImageObject","inLanguage":"en-GB","@id":"https:\/\/souverainete-suisse.ch\/produit\/pins-souverainete-suisse-edition-ambassadeur-x10\/#primaryimage","url":"https:\/\/souverainete-suisse.ch\/wp-content\/uploads\/2026\/02\/pins-2.jpg","contentUrl":"https:\/\/souverainete-suisse.ch\/wp-content\/uploads\/2026\/02\/pins-2.jpg","width":850,"height":727},{"@type":"BreadcrumbList","@id":"https:\/\/souverainete-suisse.ch\/produit\/pins-souverainete-suisse-edition-ambassadeur-x10\/#breadcrumb","itemListElement":[{"@type":"ListItem","position":1,"name":"Accueil","item":"https:\/\/souverainete-suisse.ch\/"},{"@type":"ListItem","position":2,"name":"Produits","item":"https:\/\/souverainete-suisse.ch\/boutique\/"},{"@type":"ListItem","position":3,"name":"Pin\u2019s Souverainet\u00e9 Suisse \u2013 \u00c9dition Ambassadeur x10"}]},{"@type":"WebSite","@id":"https:\/\/souverainete-suisse.ch\/#website","url":"https:\/\/souverainete-suisse.ch\/","name":"Swiss Sovereignty Movement","description":"","publisher":{"@id":"https:\/\/souverainete-suisse.ch\/#organization"},"potentialAction":[{"@type":"SearchAction","target":{"@type":"EntryPoint","urlTemplate":"https:\/\/souverainete-suisse.ch\/?s={search_term_string}"},"query-input":{"@type":"PropertyValueSpecification","valueRequired":true,"valueName":"search_term_string"}}],"inLanguage":"en-GB"},{"@type":"Organization","@id":"https:\/\/souverainete-suisse.ch\/#organization","name":"Swiss Sovereignty Movement","url":"https:\/\/souverainete-suisse.ch\/","logo":{"@type":"ImageObject","inLanguage":"en-GB","@id":"https:\/\/souverainete-suisse.ch\/#\/schema\/logo\/image\/","url":"https:\/\/souverainete-suisse.ch\/wp-content\/uploads\/2025\/11\/logo.png","contentUrl":"https:\/\/souverainete-suisse.ch\/wp-content\/uploads\/2025\/11\/logo.png","width":2053,"height":1461,"caption":"Mouvement Souverainet\u00e9 Suisse"},"image":{"@id":"https:\/\/souverainete-suisse.ch\/#\/schema\/logo\/image\/"}}]}},"_links":{"self":[{"href":"https:\/\/souverainete-suisse.ch\/en\/wp-json\/wp\/v2\/product\/739","targetHints":{"allow":["GET"]}}],"collection":[{"href":"https:\/\/souverainete-suisse.ch\/en\/wp-json\/wp\/v2\/product"}],"about":[{"href":"https:\/\/souverainete-suisse.ch\/en\/wp-json\/wp\/v2\/types\/product"}],"replies":[{"embeddable":true,"href":"https:\/\/souverainete-suisse.ch\/en\/wp-json\/wp\/v2\/comments?post=739"}],"wp:featuredmedia":[{"embeddable":true,"href":"https:\/\/souverainete-suisse.ch\/en\/wp-json\/wp\/v2\/media\/864"}],"wp:attachment":[{"href":"https:\/\/souverainete-suisse.ch\/en\/wp-json\/wp\/v2\/media?parent=739"}],"wp:term":[{"taxonomy":"product_brand","embeddable":true,"href":"https:\/\/souverainete-suisse.ch\/en\/wp-json\/wp\/v2\/product_brand?post=739"},{"taxonomy":"product_cat","embeddable":true,"href":"https:\/\/souverainete-suisse.ch\/en\/wp-json\/wp\/v2\/product_cat?post=739"},{"taxonomy":"product_tag","embeddable":true,"href":"https:\/\/souverainete-suisse.ch\/en\/wp-json\/wp\/v2\/product_tag?post=739"}],"curies":[{"name":"wp","href":"https:\/\/api.w.org\/{rel}","templated":true}]}}