{"id":1029,"date":"2026-04-14T13:27:17","date_gmt":"2026-04-14T11:27:17","guid":{"rendered":"https:\/\/souverainete-suisse.ch\/?post_type=product&#038;p=1029"},"modified":"2026-04-14T21:10:24","modified_gmt":"2026-04-14T19:10:24","slug":"porte-cles-a-languette-edition-ambassadeur-x10","status":"publish","type":"product","link":"https:\/\/souverainete-suisse.ch\/en\/product-2\/porte-cles-a-languette-edition-ambassadeur-x10\/","title":{"rendered":"Porte-cl\u00e9s \u00e0 languette \u00c9dition Ambassadeur x10"},"content":{"rendered":"<p class=\"p1\"><span class=\"s1\">\ud83c\udde8\ud83c\udded<\/span><b> Le porte-cl\u00e9s \u00e0 languette (aviation) \u00c9dition Ambassadeur est disponible !<\/b><b><\/b><\/p>\n<p class=\"p1\">Nous avons le plaisir de vous annoncer la mise \u00e0 disposition du porte-cl\u00e9s \u00e0 languette (aviation) Souverainet\u00e9 Suisse :<\/p>\n<p class=\"p1\">porte-cl\u00e9s textile de haute qualit\u00e9, brod\u00e9, inspir\u00e9 des tags a\u00e9ronautiques.<\/p>\n<p class=\"p1\">Ce porte-cl\u00e9s est propos\u00e9 en exclusivit\u00e9 aux sympathisants, afin d\u2019agir comme Ambassadeurs de Souverainet\u00e9 Suisse.<\/p>\n<p class=\"p1\"><span class=\"s1\"><b>Terms and conditions of sale<\/b><b><\/b><\/span><\/p>\n<p class=\"p1\">\u2022 <b>Only available in packs of 10<\/b><b><\/b><\/p>\n<p class=\"p1\">- CHF 10.00 \/ unit \u2192 CHF 100.00<\/p>\n<p class=\"p1\">- Shipping costs (Switzerland): CHF 5.00<\/p>\n<p class=\"p1\">- Total Switzerland : <b>CHF 105.00<\/b><\/p>","protected":false},"excerpt":{"rendered":"<p class=\"p1\">Porte-cl\u00e9s textile \u00e0 languette (aviation) Souverainet\u00e9 Suisse de haute qualit\u00e9, brod\u00e9, inspir\u00e9 des tags a\u00e9ronautiques<\/p>","protected":false},"featured_media":1031,"comment_status":"open","ping_status":"closed","template":"","meta":[],"product_brand":[],"product_cat":[34],"product_tag":[],"class_list":{"0":"post-1029","1":"product","2":"type-product","3":"status-publish","4":"has-post-thumbnail","6":"product_cat-porte-cles","7":"product_shipping_class-porte-cles-shipping","9":"first","10":"instock","11":"shipping-taxable","12":"purchasable","13":"product-type-simple"},"yoast_head":"<!-- This site is optimized with the Yoast SEO plugin v26.9 - https:\/\/yoast.com\/product\/yoast-seo-wordpress\/ -->\n<title>Porte-cl\u00e9s \u00e0 languette \u00c9dition Ambassadeur x10 - Mouvement Souverainet\u00e9 Suisse<\/title>\n<meta name=\"description\" content=\"Porte-cl\u00e9s aviation Souverainet\u00e9 Suisse \u00c9dition Ambassadeur : accessoire textile brod\u00e9 de haute qualit\u00e9, exclusif aux sympathisants engag\u00e9s pour la souverainet\u00e9 suisse.\" \/>\n<meta name=\"robots\" content=\"index, follow, max-snippet:-1, max-image-preview:large, max-video-preview:-1\" \/>\n<link rel=\"canonical\" href=\"https:\/\/souverainete-suisse.ch\/en\/product-2\/porte-cles-a-languette-edition-ambassadeur-x10\/\" \/>\n<meta property=\"og:locale\" content=\"en_GB\" \/>\n<meta property=\"og:type\" content=\"article\" \/>\n<meta property=\"og:title\" content=\"Porte-cl\u00e9s \u00e0 languette \u00c9dition Ambassadeur x10 - Mouvement Souverainet\u00e9 Suisse\" \/>\n<meta property=\"og:description\" content=\"Porte-cl\u00e9s aviation Souverainet\u00e9 Suisse \u00c9dition Ambassadeur : accessoire textile brod\u00e9 de haute qualit\u00e9, exclusif aux sympathisants engag\u00e9s pour la souverainet\u00e9 suisse.\" \/>\n<meta property=\"og:url\" content=\"https:\/\/souverainete-suisse.ch\/en\/product-2\/porte-cles-a-languette-edition-ambassadeur-x10\/\" \/>\n<meta property=\"og:site_name\" content=\"Mouvement Souverainet\u00e9 Suisse\" \/>\n<meta property=\"article:modified_time\" content=\"2026-04-14T19:10:24+00:00\" \/>\n<meta property=\"og:image\" content=\"https:\/\/souverainete-suisse.ch\/wp-content\/uploads\/2026\/04\/porte-cles-high.jpg\" \/>\n\t<meta property=\"og:image:width\" content=\"1237\" \/>\n\t<meta property=\"og:image:height\" content=\"1280\" \/>\n\t<meta property=\"og:image:type\" content=\"image\/jpeg\" \/>\n<meta name=\"twitter:card\" content=\"summary_large_image\" \/>\n<meta name=\"twitter:label1\" content=\"Estimated reading time\" \/>\n\t<meta name=\"twitter:data1\" content=\"1 minute\" \/>\n<script type=\"application\/ld+json\" class=\"yoast-schema-graph\">{\"@context\":\"https:\/\/schema.org\",\"@graph\":[{\"@type\":\"WebPage\",\"@id\":\"https:\/\/souverainete-suisse.ch\/produit\/porte-cles-a-languette-edition-ambassadeur-x10\/\",\"url\":\"https:\/\/souverainete-suisse.ch\/produit\/porte-cles-a-languette-edition-ambassadeur-x10\/\",\"name\":\"Porte-cl\u00e9s \u00e0 languette \u00c9dition Ambassadeur x10 - Mouvement Souverainet\u00e9 Suisse\",\"isPartOf\":{\"@id\":\"https:\/\/souverainete-suisse.ch\/#website\"},\"primaryImageOfPage\":{\"@id\":\"https:\/\/souverainete-suisse.ch\/produit\/porte-cles-a-languette-edition-ambassadeur-x10\/#primaryimage\"},\"image\":{\"@id\":\"https:\/\/souverainete-suisse.ch\/produit\/porte-cles-a-languette-edition-ambassadeur-x10\/#primaryimage\"},\"thumbnailUrl\":\"https:\/\/souverainete-suisse.ch\/wp-content\/uploads\/2026\/04\/porte-cles-high.jpg\",\"datePublished\":\"2026-04-14T11:27:17+00:00\",\"dateModified\":\"2026-04-14T19:10:24+00:00\",\"description\":\"Porte-cl\u00e9s aviation Souverainet\u00e9 Suisse \u00c9dition Ambassadeur : accessoire textile brod\u00e9 de haute qualit\u00e9, exclusif aux sympathisants engag\u00e9s pour la souverainet\u00e9 suisse.\",\"breadcrumb\":{\"@id\":\"https:\/\/souverainete-suisse.ch\/produit\/porte-cles-a-languette-edition-ambassadeur-x10\/#breadcrumb\"},\"inLanguage\":\"en-GB\",\"potentialAction\":[{\"@type\":\"ReadAction\",\"target\":[\"https:\/\/souverainete-suisse.ch\/produit\/porte-cles-a-languette-edition-ambassadeur-x10\/\"]}]},{\"@type\":\"ImageObject\",\"inLanguage\":\"en-GB\",\"@id\":\"https:\/\/souverainete-suisse.ch\/produit\/porte-cles-a-languette-edition-ambassadeur-x10\/#primaryimage\",\"url\":\"https:\/\/souverainete-suisse.ch\/wp-content\/uploads\/2026\/04\/porte-cles-high.jpg\",\"contentUrl\":\"https:\/\/souverainete-suisse.ch\/wp-content\/uploads\/2026\/04\/porte-cles-high.jpg\",\"width\":1237,\"height\":1280},{\"@type\":\"BreadcrumbList\",\"@id\":\"https:\/\/souverainete-suisse.ch\/produit\/porte-cles-a-languette-edition-ambassadeur-x10\/#breadcrumb\",\"itemListElement\":[{\"@type\":\"ListItem\",\"position\":1,\"name\":\"Accueil\",\"item\":\"https:\/\/souverainete-suisse.ch\/\"},{\"@type\":\"ListItem\",\"position\":2,\"name\":\"Produits\",\"item\":\"https:\/\/souverainete-suisse.ch\/boutique\/\"},{\"@type\":\"ListItem\",\"position\":3,\"name\":\"Porte-cl\u00e9s \u00e0 languette \u00c9dition Ambassadeur x10\"}]},{\"@type\":\"WebSite\",\"@id\":\"https:\/\/souverainete-suisse.ch\/#website\",\"url\":\"https:\/\/souverainete-suisse.ch\/\",\"name\":\"Mouvement Souverainet\u00e9 Suisse\",\"description\":\"\",\"publisher\":{\"@id\":\"https:\/\/souverainete-suisse.ch\/#organization\"},\"potentialAction\":[{\"@type\":\"SearchAction\",\"target\":{\"@type\":\"EntryPoint\",\"urlTemplate\":\"https:\/\/souverainete-suisse.ch\/?s={search_term_string}\"},\"query-input\":{\"@type\":\"PropertyValueSpecification\",\"valueRequired\":true,\"valueName\":\"search_term_string\"}}],\"inLanguage\":\"en-GB\"},{\"@type\":\"Organization\",\"@id\":\"https:\/\/souverainete-suisse.ch\/#organization\",\"name\":\"Mouvement Souverainet\u00e9 Suisse\",\"url\":\"https:\/\/souverainete-suisse.ch\/\",\"logo\":{\"@type\":\"ImageObject\",\"inLanguage\":\"en-GB\",\"@id\":\"https:\/\/souverainete-suisse.ch\/#\/schema\/logo\/image\/\",\"url\":\"https:\/\/souverainete-suisse.ch\/wp-content\/uploads\/2025\/11\/logo.png\",\"contentUrl\":\"https:\/\/souverainete-suisse.ch\/wp-content\/uploads\/2025\/11\/logo.png\",\"width\":2053,\"height\":1461,\"caption\":\"Mouvement Souverainet\u00e9 Suisse\"},\"image\":{\"@id\":\"https:\/\/souverainete-suisse.ch\/#\/schema\/logo\/image\/\"}}]}<\/script>\n<!-- \/ Yoast SEO plugin. -->","yoast_head_json":{"title":"Porte-cl\u00e9s \u00e0 languette \u00c9dition Ambassadeur x10 - Mouvement Souverainet\u00e9 Suisse","description":"Porte-cl\u00e9s aviation Souverainet\u00e9 Suisse \u00c9dition Ambassadeur : accessoire textile brod\u00e9 de haute qualit\u00e9, exclusif aux sympathisants engag\u00e9s pour la souverainet\u00e9 suisse.","robots":{"index":"index","follow":"follow","max-snippet":"max-snippet:-1","max-image-preview":"max-image-preview:large","max-video-preview":"max-video-preview:-1"},"canonical":"https:\/\/souverainete-suisse.ch\/en\/product-2\/porte-cles-a-languette-edition-ambassadeur-x10\/","og_locale":"en_GB","og_type":"article","og_title":"Porte-cl\u00e9s \u00e0 languette \u00c9dition Ambassadeur x10 - Mouvement Souverainet\u00e9 Suisse","og_description":"Porte-cl\u00e9s aviation Souverainet\u00e9 Suisse \u00c9dition Ambassadeur : accessoire textile brod\u00e9 de haute qualit\u00e9, exclusif aux sympathisants engag\u00e9s pour la souverainet\u00e9 suisse.","og_url":"https:\/\/souverainete-suisse.ch\/en\/product-2\/porte-cles-a-languette-edition-ambassadeur-x10\/","og_site_name":"Mouvement Souverainet\u00e9 Suisse","article_modified_time":"2026-04-14T19:10:24+00:00","og_image":[{"width":1237,"height":1280,"url":"https:\/\/souverainete-suisse.ch\/wp-content\/uploads\/2026\/04\/porte-cles-high.jpg","type":"image\/jpeg"}],"twitter_card":"summary_large_image","twitter_misc":{"Estimated reading time":"1 minute"},"schema":{"@context":"https:\/\/schema.org","@graph":[{"@type":"WebPage","@id":"https:\/\/souverainete-suisse.ch\/produit\/porte-cles-a-languette-edition-ambassadeur-x10\/","url":"https:\/\/souverainete-suisse.ch\/produit\/porte-cles-a-languette-edition-ambassadeur-x10\/","name":"Porte-cl\u00e9s \u00e0 languette \u00c9dition Ambassadeur x10 - Mouvement Souverainet\u00e9 Suisse","isPartOf":{"@id":"https:\/\/souverainete-suisse.ch\/#website"},"primaryImageOfPage":{"@id":"https:\/\/souverainete-suisse.ch\/produit\/porte-cles-a-languette-edition-ambassadeur-x10\/#primaryimage"},"image":{"@id":"https:\/\/souverainete-suisse.ch\/produit\/porte-cles-a-languette-edition-ambassadeur-x10\/#primaryimage"},"thumbnailUrl":"https:\/\/souverainete-suisse.ch\/wp-content\/uploads\/2026\/04\/porte-cles-high.jpg","datePublished":"2026-04-14T11:27:17+00:00","dateModified":"2026-04-14T19:10:24+00:00","description":"Porte-cl\u00e9s aviation Souverainet\u00e9 Suisse \u00c9dition Ambassadeur : accessoire textile brod\u00e9 de haute qualit\u00e9, exclusif aux sympathisants engag\u00e9s pour la souverainet\u00e9 suisse.","breadcrumb":{"@id":"https:\/\/souverainete-suisse.ch\/produit\/porte-cles-a-languette-edition-ambassadeur-x10\/#breadcrumb"},"inLanguage":"en-GB","potentialAction":[{"@type":"ReadAction","target":["https:\/\/souverainete-suisse.ch\/produit\/porte-cles-a-languette-edition-ambassadeur-x10\/"]}]},{"@type":"ImageObject","inLanguage":"en-GB","@id":"https:\/\/souverainete-suisse.ch\/produit\/porte-cles-a-languette-edition-ambassadeur-x10\/#primaryimage","url":"https:\/\/souverainete-suisse.ch\/wp-content\/uploads\/2026\/04\/porte-cles-high.jpg","contentUrl":"https:\/\/souverainete-suisse.ch\/wp-content\/uploads\/2026\/04\/porte-cles-high.jpg","width":1237,"height":1280},{"@type":"BreadcrumbList","@id":"https:\/\/souverainete-suisse.ch\/produit\/porte-cles-a-languette-edition-ambassadeur-x10\/#breadcrumb","itemListElement":[{"@type":"ListItem","position":1,"name":"Accueil","item":"https:\/\/souverainete-suisse.ch\/"},{"@type":"ListItem","position":2,"name":"Produits","item":"https:\/\/souverainete-suisse.ch\/boutique\/"},{"@type":"ListItem","position":3,"name":"Porte-cl\u00e9s \u00e0 languette \u00c9dition Ambassadeur x10"}]},{"@type":"WebSite","@id":"https:\/\/souverainete-suisse.ch\/#website","url":"https:\/\/souverainete-suisse.ch\/","name":"Swiss Sovereignty Movement","description":"","publisher":{"@id":"https:\/\/souverainete-suisse.ch\/#organization"},"potentialAction":[{"@type":"SearchAction","target":{"@type":"EntryPoint","urlTemplate":"https:\/\/souverainete-suisse.ch\/?s={search_term_string}"},"query-input":{"@type":"PropertyValueSpecification","valueRequired":true,"valueName":"search_term_string"}}],"inLanguage":"en-GB"},{"@type":"Organization","@id":"https:\/\/souverainete-suisse.ch\/#organization","name":"Swiss Sovereignty Movement","url":"https:\/\/souverainete-suisse.ch\/","logo":{"@type":"ImageObject","inLanguage":"en-GB","@id":"https:\/\/souverainete-suisse.ch\/#\/schema\/logo\/image\/","url":"https:\/\/souverainete-suisse.ch\/wp-content\/uploads\/2025\/11\/logo.png","contentUrl":"https:\/\/souverainete-suisse.ch\/wp-content\/uploads\/2025\/11\/logo.png","width":2053,"height":1461,"caption":"Mouvement Souverainet\u00e9 Suisse"},"image":{"@id":"https:\/\/souverainete-suisse.ch\/#\/schema\/logo\/image\/"}}]}},"_links":{"self":[{"href":"https:\/\/souverainete-suisse.ch\/en\/wp-json\/wp\/v2\/product\/1029","targetHints":{"allow":["GET"]}}],"collection":[{"href":"https:\/\/souverainete-suisse.ch\/en\/wp-json\/wp\/v2\/product"}],"about":[{"href":"https:\/\/souverainete-suisse.ch\/en\/wp-json\/wp\/v2\/types\/product"}],"replies":[{"embeddable":true,"href":"https:\/\/souverainete-suisse.ch\/en\/wp-json\/wp\/v2\/comments?post=1029"}],"wp:featuredmedia":[{"embeddable":true,"href":"https:\/\/souverainete-suisse.ch\/en\/wp-json\/wp\/v2\/media\/1031"}],"wp:attachment":[{"href":"https:\/\/souverainete-suisse.ch\/en\/wp-json\/wp\/v2\/media?parent=1029"}],"wp:term":[{"taxonomy":"product_brand","embeddable":true,"href":"https:\/\/souverainete-suisse.ch\/en\/wp-json\/wp\/v2\/product_brand?post=1029"},{"taxonomy":"product_cat","embeddable":true,"href":"https:\/\/souverainete-suisse.ch\/en\/wp-json\/wp\/v2\/product_cat?post=1029"},{"taxonomy":"product_tag","embeddable":true,"href":"https:\/\/souverainete-suisse.ch\/en\/wp-json\/wp\/v2\/product_tag?post=1029"}],"curies":[{"name":"wp","href":"https:\/\/api.w.org\/{rel}","templated":true}]}}