{"id":743,"date":"2026-02-11T15:32:33","date_gmt":"2026-02-11T14:32:33","guid":{"rendered":"https:\/\/souverainete-suisse.ch\/?post_type=product&#038;p=743"},"modified":"2026-02-14T17:29:27","modified_gmt":"2026-02-14T16:29:27","slug":"roll-up-schweizer-souveranitat","status":"publish","type":"product","link":"https:\/\/souverainete-suisse.ch\/de\/produkt\/roll-up-schweizer-souveranitat\/","title":{"rendered":"Roll-up Schweizer Souver\u00e4nit\u00e4t (Franz\u00f6sisch)"},"content":{"rendered":"<p class=\"p1\"><span class=\"s1\">\ud83c\udde8\ud83c\udded <\/span><b>Roll-up Schweizer Souver\u00e4nit\u00e4t - Starke Pr\u00e4senz, klare Botschaft<\/b><b><\/b><\/p>\n<p class=\"p3\">Bekr\u00e4ftigen Sie Ihre \u00dcberzeugungen mit Wirkung bei Konferenzen, St\u00e4nden, Versammlungen oder \u00f6ffentlichen Veranstaltungen.<\/p>\n<p class=\"p3\">Dieses gro\u00dfformatige vertikale Roll-up (850 x 2000 mm) bietet maximale Sichtbarkeit und eine professionelle Pr\u00e4sentation. Es ist in 4 Euroscala-Farben auf 510 g\/m\u00b2 FRONTLIT-Material aus robustem wei\u00dfem PVC gedruckt und garantiert eine hervorragende Haltbarkeit, intensive Farben und perfekte Lesbarkeit, auch aus der Entfernung.<\/p>\n<p class=\"p3\">\u2714 Format 85 x 200 cm - sofortige visuelle Wirkung<\/p>\n<p class=\"p3\">\u2714 FRONTLIT-Medium 510 g\/m\u00b2 - stark und langlebig<\/p>\n<p class=\"p3\">\u2714 Hochwertiger einseitiger Druck<\/p>\n<p class=\"p3\">\u2714 Stabile Struktur und schneller Aufbau<\/p>\n<p class=\"p3\">\u2714 Inklusive Tragetasche<\/p>\n<p class=\"p3\">\u2714 Herstellung Schweiz<\/p>\n<p>Dieses leicht zu installierende und zu transportierende Roll-up ist das ideale Werkzeug, um Schweizer Souver\u00e4nit\u00e4t mit Seriosit\u00e4t, Koh\u00e4renz und Professionalit\u00e4t zu repr\u00e4sentieren.<\/p>","protected":false},"excerpt":{"rendered":"<p class=\"p1\">Roll-up Schweizer Souver\u00e4nit\u00e4t: Ein kraftvolles und professionelles Format, um Ihre \u00dcberzeugungen bei all Ihren Veranstaltungen mit Klarheit und Wirkung zu bekr\u00e4ftigen.<\/p>","protected":false},"featured_media":747,"comment_status":"open","ping_status":"closed","template":"","meta":[],"product_brand":[],"product_cat":[29],"product_tag":[],"class_list":{"0":"post-743","1":"product","2":"type-product","3":"status-publish","4":"has-post-thumbnail","6":"product_cat-rollup","7":"product_shipping_class-rollup-shipping","9":"first","10":"instock","11":"shipping-taxable","12":"purchasable","13":"product-type-simple"},"yoast_head":"<!-- This site is optimized with the Yoast SEO plugin v26.9 - https:\/\/yoast.com\/product\/yoast-seo-wordpress\/ -->\n<title>Roll-up Souverainet\u00e9 Suisse (Fran\u00e7ais) - Mouvement Souverainet\u00e9 Suisse<\/title>\n<meta name=\"description\" content=\"Roll-up Souverainet\u00e9 Suisse 85x200 cm, impression haute qualit\u00e9 sur PVC FRONTLIT 510 g\/m\u00b2, robuste et facile \u00e0 transporter. Id\u00e9al pour stands, conf\u00e9rences et \u00e9v\u00e9nements. Fabrication suisse\" \/>\n<meta name=\"robots\" content=\"index, follow, max-snippet:-1, max-image-preview:large, max-video-preview:-1\" \/>\n<link rel=\"canonical\" href=\"https:\/\/souverainete-suisse.ch\/de\/produkt\/roll-up-schweizer-souveranitat\/\" \/>\n<meta property=\"og:locale\" content=\"de_DE\" \/>\n<meta property=\"og:type\" content=\"article\" \/>\n<meta property=\"og:title\" content=\"Roll-up Souverainet\u00e9 Suisse (Fran\u00e7ais) - Mouvement Souverainet\u00e9 Suisse\" \/>\n<meta property=\"og:description\" content=\"Roll-up Souverainet\u00e9 Suisse 85x200 cm, impression haute qualit\u00e9 sur PVC FRONTLIT 510 g\/m\u00b2, robuste et facile \u00e0 transporter. Id\u00e9al pour stands, conf\u00e9rences et \u00e9v\u00e9nements. Fabrication suisse\" \/>\n<meta property=\"og:url\" content=\"https:\/\/souverainete-suisse.ch\/de\/produkt\/roll-up-schweizer-souveranitat\/\" \/>\n<meta property=\"og:site_name\" content=\"Mouvement Souverainet\u00e9 Suisse\" \/>\n<meta property=\"article:modified_time\" content=\"2026-02-14T16:29:27+00:00\" \/>\n<meta property=\"og:image\" content=\"https:\/\/souverainete-suisse.ch\/wp-content\/uploads\/2026\/02\/Rollup-FR.png\" \/>\n\t<meta property=\"og:image:width\" content=\"945\" \/>\n\t<meta property=\"og:image:height\" content=\"2363\" \/>\n\t<meta property=\"og:image:type\" content=\"image\/png\" \/>\n<meta name=\"twitter:card\" content=\"summary_large_image\" \/>\n<meta name=\"twitter:label1\" content=\"Gesch\u00e4tzte Lesezeit\" \/>\n\t<meta name=\"twitter:data1\" content=\"1\u00a0Minute\" \/>\n<script type=\"application\/ld+json\" class=\"yoast-schema-graph\">{\"@context\":\"https:\/\/schema.org\",\"@graph\":[{\"@type\":\"WebPage\",\"@id\":\"https:\/\/souverainete-suisse.ch\/produit\/roll-up-souverainete-suisse\/\",\"url\":\"https:\/\/souverainete-suisse.ch\/produit\/roll-up-souverainete-suisse\/\",\"name\":\"Roll-up Souverainet\u00e9 Suisse (Fran\u00e7ais) - Mouvement Souverainet\u00e9 Suisse\",\"isPartOf\":{\"@id\":\"https:\/\/souverainete-suisse.ch\/#website\"},\"primaryImageOfPage\":{\"@id\":\"https:\/\/souverainete-suisse.ch\/produit\/roll-up-souverainete-suisse\/#primaryimage\"},\"image\":{\"@id\":\"https:\/\/souverainete-suisse.ch\/produit\/roll-up-souverainete-suisse\/#primaryimage\"},\"thumbnailUrl\":\"https:\/\/souverainete-suisse.ch\/wp-content\/uploads\/2026\/02\/Rollup-FR.png\",\"datePublished\":\"2026-02-11T14:32:33+00:00\",\"dateModified\":\"2026-02-14T16:29:27+00:00\",\"description\":\"Roll-up Souverainet\u00e9 Suisse 85x200 cm, impression haute qualit\u00e9 sur PVC FRONTLIT 510 g\/m\u00b2, robuste et facile \u00e0 transporter. Id\u00e9al pour stands, conf\u00e9rences et \u00e9v\u00e9nements. Fabrication suisse\",\"breadcrumb\":{\"@id\":\"https:\/\/souverainete-suisse.ch\/produit\/roll-up-souverainete-suisse\/#breadcrumb\"},\"inLanguage\":\"de\",\"potentialAction\":[{\"@type\":\"ReadAction\",\"target\":[\"https:\/\/souverainete-suisse.ch\/produit\/roll-up-souverainete-suisse\/\"]}]},{\"@type\":\"ImageObject\",\"inLanguage\":\"de\",\"@id\":\"https:\/\/souverainete-suisse.ch\/produit\/roll-up-souverainete-suisse\/#primaryimage\",\"url\":\"https:\/\/souverainete-suisse.ch\/wp-content\/uploads\/2026\/02\/Rollup-FR.png\",\"contentUrl\":\"https:\/\/souverainete-suisse.ch\/wp-content\/uploads\/2026\/02\/Rollup-FR.png\",\"width\":945,\"height\":2363},{\"@type\":\"BreadcrumbList\",\"@id\":\"https:\/\/souverainete-suisse.ch\/produit\/roll-up-souverainete-suisse\/#breadcrumb\",\"itemListElement\":[{\"@type\":\"ListItem\",\"position\":1,\"name\":\"Accueil\",\"item\":\"https:\/\/souverainete-suisse.ch\/\"},{\"@type\":\"ListItem\",\"position\":2,\"name\":\"Produits\",\"item\":\"https:\/\/souverainete-suisse.ch\/boutique\/\"},{\"@type\":\"ListItem\",\"position\":3,\"name\":\"Roll-up Souverainet\u00e9 Suisse (Fran\u00e7ais)\"}]},{\"@type\":\"WebSite\",\"@id\":\"https:\/\/souverainete-suisse.ch\/#website\",\"url\":\"https:\/\/souverainete-suisse.ch\/\",\"name\":\"Mouvement Souverainet\u00e9 Suisse\",\"description\":\"\",\"publisher\":{\"@id\":\"https:\/\/souverainete-suisse.ch\/#organization\"},\"potentialAction\":[{\"@type\":\"SearchAction\",\"target\":{\"@type\":\"EntryPoint\",\"urlTemplate\":\"https:\/\/souverainete-suisse.ch\/?s={search_term_string}\"},\"query-input\":{\"@type\":\"PropertyValueSpecification\",\"valueRequired\":true,\"valueName\":\"search_term_string\"}}],\"inLanguage\":\"de\"},{\"@type\":\"Organization\",\"@id\":\"https:\/\/souverainete-suisse.ch\/#organization\",\"name\":\"Mouvement Souverainet\u00e9 Suisse\",\"url\":\"https:\/\/souverainete-suisse.ch\/\",\"logo\":{\"@type\":\"ImageObject\",\"inLanguage\":\"de\",\"@id\":\"https:\/\/souverainete-suisse.ch\/#\/schema\/logo\/image\/\",\"url\":\"https:\/\/souverainete-suisse.ch\/wp-content\/uploads\/2025\/11\/logo.png\",\"contentUrl\":\"https:\/\/souverainete-suisse.ch\/wp-content\/uploads\/2025\/11\/logo.png\",\"width\":2053,\"height\":1461,\"caption\":\"Mouvement Souverainet\u00e9 Suisse\"},\"image\":{\"@id\":\"https:\/\/souverainete-suisse.ch\/#\/schema\/logo\/image\/\"}}]}<\/script>\n<!-- \/ Yoast SEO plugin. -->","yoast_head_json":{"title":"Roll-up Schweizer Souver\u00e4nit\u00e4t (Deutsch) - Bewegung Souver\u00e4ne Schweiz","description":"Roll-up Schweizer Souver\u00e4nit\u00e4t 85x200 cm, hochwertiger Druck auf PVC FRONTLIT 510 g\/m\u00b2, robust und leicht zu transportieren. Ideal f\u00fcr Messest\u00e4nde, Konferenzen und Veranstaltungen. Schweizer Herstellung","robots":{"index":"index","follow":"follow","max-snippet":"max-snippet:-1","max-image-preview":"max-image-preview:large","max-video-preview":"max-video-preview:-1"},"canonical":"https:\/\/souverainete-suisse.ch\/de\/produkt\/roll-up-schweizer-souveranitat\/","og_locale":"de_DE","og_type":"article","og_title":"Roll-up Souverainet\u00e9 Suisse (Fran\u00e7ais) - Mouvement Souverainet\u00e9 Suisse","og_description":"Roll-up Souverainet\u00e9 Suisse 85x200 cm, impression haute qualit\u00e9 sur PVC FRONTLIT 510 g\/m\u00b2, robuste et facile \u00e0 transporter. Id\u00e9al pour stands, conf\u00e9rences et \u00e9v\u00e9nements. Fabrication suisse","og_url":"https:\/\/souverainete-suisse.ch\/de\/produkt\/roll-up-schweizer-souveranitat\/","og_site_name":"Mouvement Souverainet\u00e9 Suisse","article_modified_time":"2026-02-14T16:29:27+00:00","og_image":[{"width":945,"height":2363,"url":"https:\/\/souverainete-suisse.ch\/wp-content\/uploads\/2026\/02\/Rollup-FR.png","type":"image\/png"}],"twitter_card":"summary_large_image","twitter_misc":{"Gesch\u00e4tzte Lesezeit":"1\u00a0Minute"},"schema":{"@context":"https:\/\/schema.org","@graph":[{"@type":"WebPage","@id":"https:\/\/souverainete-suisse.ch\/produit\/roll-up-souverainete-suisse\/","url":"https:\/\/souverainete-suisse.ch\/produit\/roll-up-souverainete-suisse\/","name":"Roll-up Schweizer Souver\u00e4nit\u00e4t (Deutsch) - Bewegung Souver\u00e4ne Schweiz","isPartOf":{"@id":"https:\/\/souverainete-suisse.ch\/#website"},"primaryImageOfPage":{"@id":"https:\/\/souverainete-suisse.ch\/produit\/roll-up-souverainete-suisse\/#primaryimage"},"image":{"@id":"https:\/\/souverainete-suisse.ch\/produit\/roll-up-souverainete-suisse\/#primaryimage"},"thumbnailUrl":"https:\/\/souverainete-suisse.ch\/wp-content\/uploads\/2026\/02\/Rollup-FR.png","datePublished":"2026-02-11T14:32:33+00:00","dateModified":"2026-02-14T16:29:27+00:00","description":"Roll-up Schweizer Souver\u00e4nit\u00e4t 85x200 cm, hochwertiger Druck auf PVC FRONTLIT 510 g\/m\u00b2, robust und leicht zu transportieren. Ideal f\u00fcr Messest\u00e4nde, Konferenzen und Veranstaltungen. Schweizer Herstellung","breadcrumb":{"@id":"https:\/\/souverainete-suisse.ch\/produit\/roll-up-souverainete-suisse\/#breadcrumb"},"inLanguage":"de","potentialAction":[{"@type":"ReadAction","target":["https:\/\/souverainete-suisse.ch\/produit\/roll-up-souverainete-suisse\/"]}]},{"@type":"ImageObject","inLanguage":"de","@id":"https:\/\/souverainete-suisse.ch\/produit\/roll-up-souverainete-suisse\/#primaryimage","url":"https:\/\/souverainete-suisse.ch\/wp-content\/uploads\/2026\/02\/Rollup-FR.png","contentUrl":"https:\/\/souverainete-suisse.ch\/wp-content\/uploads\/2026\/02\/Rollup-FR.png","width":945,"height":2363},{"@type":"BreadcrumbList","@id":"https:\/\/souverainete-suisse.ch\/produit\/roll-up-souverainete-suisse\/#breadcrumb","itemListElement":[{"@type":"ListItem","position":1,"name":"Accueil","item":"https:\/\/souverainete-suisse.ch\/"},{"@type":"ListItem","position":2,"name":"Produits","item":"https:\/\/souverainete-suisse.ch\/boutique\/"},{"@type":"ListItem","position":3,"name":"Roll-up Souverainet\u00e9 Suisse (Fran\u00e7ais)"}]},{"@type":"WebSite","@id":"https:\/\/souverainete-suisse.ch\/#website","url":"https:\/\/souverainete-suisse.ch\/","name":"Bewegung Souver\u00e4ne Schweiz","description":"","publisher":{"@id":"https:\/\/souverainete-suisse.ch\/#organization"},"potentialAction":[{"@type":"SearchAction","target":{"@type":"EntryPoint","urlTemplate":"https:\/\/souverainete-suisse.ch\/?s={search_term_string}"},"query-input":{"@type":"PropertyValueSpecification","valueRequired":true,"valueName":"search_term_string"}}],"inLanguage":"de"},{"@type":"Organization","@id":"https:\/\/souverainete-suisse.ch\/#organization","name":"Bewegung Souver\u00e4ne Schweiz","url":"https:\/\/souverainete-suisse.ch\/","logo":{"@type":"ImageObject","inLanguage":"de","@id":"https:\/\/souverainete-suisse.ch\/#\/schema\/logo\/image\/","url":"https:\/\/souverainete-suisse.ch\/wp-content\/uploads\/2025\/11\/logo.png","contentUrl":"https:\/\/souverainete-suisse.ch\/wp-content\/uploads\/2025\/11\/logo.png","width":2053,"height":1461,"caption":"Mouvement Souverainet\u00e9 Suisse"},"image":{"@id":"https:\/\/souverainete-suisse.ch\/#\/schema\/logo\/image\/"}}]}},"_links":{"self":[{"href":"https:\/\/souverainete-suisse.ch\/de\/wp-json\/wp\/v2\/product\/743","targetHints":{"allow":["GET"]}}],"collection":[{"href":"https:\/\/souverainete-suisse.ch\/de\/wp-json\/wp\/v2\/product"}],"about":[{"href":"https:\/\/souverainete-suisse.ch\/de\/wp-json\/wp\/v2\/types\/product"}],"replies":[{"embeddable":true,"href":"https:\/\/souverainete-suisse.ch\/de\/wp-json\/wp\/v2\/comments?post=743"}],"wp:featuredmedia":[{"embeddable":true,"href":"https:\/\/souverainete-suisse.ch\/de\/wp-json\/wp\/v2\/media\/747"}],"wp:attachment":[{"href":"https:\/\/souverainete-suisse.ch\/de\/wp-json\/wp\/v2\/media?parent=743"}],"wp:term":[{"taxonomy":"product_brand","embeddable":true,"href":"https:\/\/souverainete-suisse.ch\/de\/wp-json\/wp\/v2\/product_brand?post=743"},{"taxonomy":"product_cat","embeddable":true,"href":"https:\/\/souverainete-suisse.ch\/de\/wp-json\/wp\/v2\/product_cat?post=743"},{"taxonomy":"product_tag","embeddable":true,"href":"https:\/\/souverainete-suisse.ch\/de\/wp-json\/wp\/v2\/product_tag?post=743"}],"curies":[{"name":"wp","href":"https:\/\/api.w.org\/{rel}","templated":true}]}}