{"id":735,"date":"2026-02-11T15:11:53","date_gmt":"2026-02-11T14:11:53","guid":{"rendered":"https:\/\/souverainete-suisse.ch\/?post_type=product&#038;p=735"},"modified":"2026-04-01T09:27:19","modified_gmt":"2026-04-01T07:27:19","slug":"flagge-schweizer-souveranitat-edition-steinbock-franzosisch","status":"publish","type":"product","link":"https:\/\/souverainete-suisse.ch\/de\/produkt\/flagge-schweizer-souveranitat-edition-steinbock-franzosisch\/","title":{"rendered":"Fahne Souver\u00e4nit\u00e4t Schweiz - Edition Franz\u00f6sischer Steinbock"},"content":{"rendered":"<p class=\"p1\"><span class=\"s1\">\ud83c\udde8\ud83c\udded <\/span><b>Fahne Schweizer Souver\u00e4nit\u00e4t - Steinbock-Edition<\/b><b><\/b><\/p>\n<p class=\"p3\">Zeigen Sie Ihre \u00dcberzeugungen mit St\u00e4rke und Stolz.<\/p>\n<p class=\"p3\">Diese offizielle Flagge Schweizer Souver\u00e4nit\u00e4t mit dem Steinbock - dem Symbol f\u00fcr St\u00e4rke, Unabh\u00e4ngigkeit und alpine Verankerung - ist f\u00fcr den dauerhaften Gebrauch im Freien vorgesehen.<\/p>\n<p class=\"p3\">Es wird in der Schweiz hergestellt und auf wetterfestem und UV-best\u00e4ndigem FLAGBEST\u00ae RC165 (165 g\/m\u00b2) Profi-Stoff gedruckt.<\/p>\n<p class=\"p3\">\u2714 Verst\u00e4rkter Seitenstreifen mit 2 Karabinern f\u00fcr eine feste Befestigung<\/p>\n<p class=\"p3\">\u2714 Doppelte N\u00e4hte auf den anderen drei Seiten f\u00fcr optimalen Halt<\/p>\n<p class=\"p3\">\u2714 Beidseitiger Druck mit gespiegeltem Visual auf der R\u00fcckseite<\/p>\n<p class=\"p3\">\u2714 Gro\u00dfz\u00fcgiges Format 120 x 120 cm<\/p>\n<p class=\"p3\">Diese Flagge wurde entworfen, um stolz in Ihrem Garten, an Ihrer Fassade oder bei Veranstaltungen zu wehen. Sie verk\u00f6rpert die Verbundenheit mit der Freiheit, der Verantwortung und der Souver\u00e4nit\u00e4t der Schweiz.<\/p>","protected":false},"excerpt":{"rendered":"<p>Diese offizielle Flagge Schweizer Souver\u00e4nit\u00e4t mit dem Steinbock - dem Symbol f\u00fcr St\u00e4rke, Unabh\u00e4ngigkeit und alpine Verankerung - ist f\u00fcr den dauerhaften Gebrauch im Freien vorgesehen.<\/p>\n<p>&nbsp;<\/p>","protected":false},"featured_media":987,"comment_status":"open","ping_status":"closed","template":"","meta":[],"product_brand":[],"product_cat":[27],"product_tag":[],"class_list":{"0":"post-735","1":"product","2":"type-product","3":"status-publish","4":"has-post-thumbnail","6":"product_cat-flag","7":"product_shipping_class-flag-shipping","9":"first","10":"instock","11":"shipping-taxable","12":"purchasable","13":"product-type-simple"},"yoast_head":"<!-- This site is optimized with the Yoast SEO plugin v26.9 - https:\/\/yoast.com\/product\/yoast-seo-wordpress\/ -->\n<title>Drapeau Souverainet\u00e9 Suisse \u2013 \u00c9dition Bouquetin Fran\u00e7ais - Mouvement Souverainet\u00e9 Suisse<\/title>\n<meta name=\"description\" content=\"Drapeau Souverainet\u00e9 Suisse 120x120 cm avec bouquetin, tissu FLAGBEST\u00ae RC165 r\u00e9sistant aux intemp\u00e9ries, double couture et fixation renforc\u00e9e. Impression recto-verso, fabrication suisse.\" \/>\n<meta name=\"robots\" content=\"index, follow, max-snippet:-1, max-image-preview:large, max-video-preview:-1\" \/>\n<link rel=\"canonical\" href=\"https:\/\/souverainete-suisse.ch\/de\/produkt\/flagge-schweizer-souveranitat-edition-steinbock-franzosisch\/\" \/>\n<meta property=\"og:locale\" content=\"de_DE\" \/>\n<meta property=\"og:type\" content=\"article\" \/>\n<meta property=\"og:title\" content=\"Drapeau Souverainet\u00e9 Suisse \u2013 \u00c9dition Bouquetin Fran\u00e7ais - Mouvement Souverainet\u00e9 Suisse\" \/>\n<meta property=\"og:description\" content=\"Drapeau Souverainet\u00e9 Suisse 120x120 cm avec bouquetin, tissu FLAGBEST\u00ae RC165 r\u00e9sistant aux intemp\u00e9ries, double couture et fixation renforc\u00e9e. Impression recto-verso, fabrication suisse.\" \/>\n<meta property=\"og:url\" content=\"https:\/\/souverainete-suisse.ch\/de\/produkt\/flagge-schweizer-souveranitat-edition-steinbock-franzosisch\/\" \/>\n<meta property=\"og:site_name\" content=\"Mouvement Souverainet\u00e9 Suisse\" \/>\n<meta property=\"article:modified_time\" content=\"2026-04-01T07:27:19+00:00\" \/>\n<meta property=\"og:image\" content=\"https:\/\/souverainete-suisse.ch\/wp-content\/uploads\/2026\/02\/Drapeau-FR.png\" \/>\n\t<meta property=\"og:image:width\" content=\"1090\" \/>\n\t<meta property=\"og:image:height\" content=\"1080\" \/>\n\t<meta property=\"og:image:type\" content=\"image\/png\" \/>\n<meta name=\"twitter:card\" content=\"summary_large_image\" \/>\n<meta name=\"twitter:label1\" content=\"Gesch\u00e4tzte Lesezeit\" \/>\n\t<meta name=\"twitter:data1\" content=\"1\u00a0Minute\" \/>\n<script type=\"application\/ld+json\" class=\"yoast-schema-graph\">{\"@context\":\"https:\/\/schema.org\",\"@graph\":[{\"@type\":\"WebPage\",\"@id\":\"https:\/\/souverainete-suisse.ch\/produit\/drapeau-souverainete-suisse-edition-bouquetin-francais\/\",\"url\":\"https:\/\/souverainete-suisse.ch\/produit\/drapeau-souverainete-suisse-edition-bouquetin-francais\/\",\"name\":\"Drapeau Souverainet\u00e9 Suisse \u2013 \u00c9dition Bouquetin Fran\u00e7ais - Mouvement Souverainet\u00e9 Suisse\",\"isPartOf\":{\"@id\":\"https:\/\/souverainete-suisse.ch\/#website\"},\"primaryImageOfPage\":{\"@id\":\"https:\/\/souverainete-suisse.ch\/produit\/drapeau-souverainete-suisse-edition-bouquetin-francais\/#primaryimage\"},\"image\":{\"@id\":\"https:\/\/souverainete-suisse.ch\/produit\/drapeau-souverainete-suisse-edition-bouquetin-francais\/#primaryimage\"},\"thumbnailUrl\":\"https:\/\/souverainete-suisse.ch\/wp-content\/uploads\/2026\/02\/Drapeau-FR.png\",\"datePublished\":\"2026-02-11T14:11:53+00:00\",\"dateModified\":\"2026-04-01T07:27:19+00:00\",\"description\":\"Drapeau Souverainet\u00e9 Suisse 120x120 cm avec bouquetin, tissu FLAGBEST\u00ae RC165 r\u00e9sistant aux intemp\u00e9ries, double couture et fixation renforc\u00e9e. Impression recto-verso, fabrication suisse.\",\"breadcrumb\":{\"@id\":\"https:\/\/souverainete-suisse.ch\/produit\/drapeau-souverainete-suisse-edition-bouquetin-francais\/#breadcrumb\"},\"inLanguage\":\"de\",\"potentialAction\":[{\"@type\":\"ReadAction\",\"target\":[\"https:\/\/souverainete-suisse.ch\/produit\/drapeau-souverainete-suisse-edition-bouquetin-francais\/\"]}]},{\"@type\":\"ImageObject\",\"inLanguage\":\"de\",\"@id\":\"https:\/\/souverainete-suisse.ch\/produit\/drapeau-souverainete-suisse-edition-bouquetin-francais\/#primaryimage\",\"url\":\"https:\/\/souverainete-suisse.ch\/wp-content\/uploads\/2026\/02\/Drapeau-FR.png\",\"contentUrl\":\"https:\/\/souverainete-suisse.ch\/wp-content\/uploads\/2026\/02\/Drapeau-FR.png\",\"width\":1090,\"height\":1080},{\"@type\":\"BreadcrumbList\",\"@id\":\"https:\/\/souverainete-suisse.ch\/produit\/drapeau-souverainete-suisse-edition-bouquetin-francais\/#breadcrumb\",\"itemListElement\":[{\"@type\":\"ListItem\",\"position\":1,\"name\":\"Accueil\",\"item\":\"https:\/\/souverainete-suisse.ch\/\"},{\"@type\":\"ListItem\",\"position\":2,\"name\":\"Produits\",\"item\":\"https:\/\/souverainete-suisse.ch\/boutique\/\"},{\"@type\":\"ListItem\",\"position\":3,\"name\":\"Drapeau Souverainet\u00e9 Suisse \u2013 \u00c9dition Bouquetin Fran\u00e7ais\"}]},{\"@type\":\"WebSite\",\"@id\":\"https:\/\/souverainete-suisse.ch\/#website\",\"url\":\"https:\/\/souverainete-suisse.ch\/\",\"name\":\"Mouvement Souverainet\u00e9 Suisse\",\"description\":\"\",\"publisher\":{\"@id\":\"https:\/\/souverainete-suisse.ch\/#organization\"},\"potentialAction\":[{\"@type\":\"SearchAction\",\"target\":{\"@type\":\"EntryPoint\",\"urlTemplate\":\"https:\/\/souverainete-suisse.ch\/?s={search_term_string}\"},\"query-input\":{\"@type\":\"PropertyValueSpecification\",\"valueRequired\":true,\"valueName\":\"search_term_string\"}}],\"inLanguage\":\"de\"},{\"@type\":\"Organization\",\"@id\":\"https:\/\/souverainete-suisse.ch\/#organization\",\"name\":\"Mouvement Souverainet\u00e9 Suisse\",\"url\":\"https:\/\/souverainete-suisse.ch\/\",\"logo\":{\"@type\":\"ImageObject\",\"inLanguage\":\"de\",\"@id\":\"https:\/\/souverainete-suisse.ch\/#\/schema\/logo\/image\/\",\"url\":\"https:\/\/souverainete-suisse.ch\/wp-content\/uploads\/2025\/11\/logo.png\",\"contentUrl\":\"https:\/\/souverainete-suisse.ch\/wp-content\/uploads\/2025\/11\/logo.png\",\"width\":2053,\"height\":1461,\"caption\":\"Mouvement Souverainet\u00e9 Suisse\"},\"image\":{\"@id\":\"https:\/\/souverainete-suisse.ch\/#\/schema\/logo\/image\/\"}}]}<\/script>\n<!-- \/ Yoast SEO plugin. -->","yoast_head_json":{"title":"Fahne Souver\u00e4nit\u00e4t Schweiz - Edition Franz\u00f6sischer Steinbock - Bewegung Souver\u00e4nit\u00e4t Schweiz","description":"Fahne Schweizer Souver\u00e4nit\u00e4t 120x120 cm mit Steinbock, wetterfester FLAGBEST\u00ae-Stoff RC165, doppelt gen\u00e4ht und mit verst\u00e4rkter Befestigung. Beidseitig bedruckt, Schweizer Fabrikat.","robots":{"index":"index","follow":"follow","max-snippet":"max-snippet:-1","max-image-preview":"max-image-preview:large","max-video-preview":"max-video-preview:-1"},"canonical":"https:\/\/souverainete-suisse.ch\/de\/produkt\/flagge-schweizer-souveranitat-edition-steinbock-franzosisch\/","og_locale":"de_DE","og_type":"article","og_title":"Drapeau Souverainet\u00e9 Suisse \u2013 \u00c9dition Bouquetin Fran\u00e7ais - Mouvement Souverainet\u00e9 Suisse","og_description":"Drapeau Souverainet\u00e9 Suisse 120x120 cm avec bouquetin, tissu FLAGBEST\u00ae RC165 r\u00e9sistant aux intemp\u00e9ries, double couture et fixation renforc\u00e9e. Impression recto-verso, fabrication suisse.","og_url":"https:\/\/souverainete-suisse.ch\/de\/produkt\/flagge-schweizer-souveranitat-edition-steinbock-franzosisch\/","og_site_name":"Mouvement Souverainet\u00e9 Suisse","article_modified_time":"2026-04-01T07:27:19+00:00","og_image":[{"width":1090,"height":1080,"url":"https:\/\/souverainete-suisse.ch\/wp-content\/uploads\/2026\/02\/Drapeau-FR.png","type":"image\/png"}],"twitter_card":"summary_large_image","twitter_misc":{"Gesch\u00e4tzte Lesezeit":"1\u00a0Minute"},"schema":{"@context":"https:\/\/schema.org","@graph":[{"@type":"WebPage","@id":"https:\/\/souverainete-suisse.ch\/produit\/drapeau-souverainete-suisse-edition-bouquetin-francais\/","url":"https:\/\/souverainete-suisse.ch\/produit\/drapeau-souverainete-suisse-edition-bouquetin-francais\/","name":"Fahne Souver\u00e4nit\u00e4t Schweiz - Edition Franz\u00f6sischer Steinbock - Bewegung Souver\u00e4nit\u00e4t Schweiz","isPartOf":{"@id":"https:\/\/souverainete-suisse.ch\/#website"},"primaryImageOfPage":{"@id":"https:\/\/souverainete-suisse.ch\/produit\/drapeau-souverainete-suisse-edition-bouquetin-francais\/#primaryimage"},"image":{"@id":"https:\/\/souverainete-suisse.ch\/produit\/drapeau-souverainete-suisse-edition-bouquetin-francais\/#primaryimage"},"thumbnailUrl":"https:\/\/souverainete-suisse.ch\/wp-content\/uploads\/2026\/02\/Drapeau-FR.png","datePublished":"2026-02-11T14:11:53+00:00","dateModified":"2026-04-01T07:27:19+00:00","description":"Fahne Schweizer Souver\u00e4nit\u00e4t 120x120 cm mit Steinbock, wetterfester FLAGBEST\u00ae-Stoff RC165, doppelt gen\u00e4ht und mit verst\u00e4rkter Befestigung. Beidseitig bedruckt, Schweizer Fabrikat.","breadcrumb":{"@id":"https:\/\/souverainete-suisse.ch\/produit\/drapeau-souverainete-suisse-edition-bouquetin-francais\/#breadcrumb"},"inLanguage":"de","potentialAction":[{"@type":"ReadAction","target":["https:\/\/souverainete-suisse.ch\/produit\/drapeau-souverainete-suisse-edition-bouquetin-francais\/"]}]},{"@type":"ImageObject","inLanguage":"de","@id":"https:\/\/souverainete-suisse.ch\/produit\/drapeau-souverainete-suisse-edition-bouquetin-francais\/#primaryimage","url":"https:\/\/souverainete-suisse.ch\/wp-content\/uploads\/2026\/02\/Drapeau-FR.png","contentUrl":"https:\/\/souverainete-suisse.ch\/wp-content\/uploads\/2026\/02\/Drapeau-FR.png","width":1090,"height":1080},{"@type":"BreadcrumbList","@id":"https:\/\/souverainete-suisse.ch\/produit\/drapeau-souverainete-suisse-edition-bouquetin-francais\/#breadcrumb","itemListElement":[{"@type":"ListItem","position":1,"name":"Accueil","item":"https:\/\/souverainete-suisse.ch\/"},{"@type":"ListItem","position":2,"name":"Produits","item":"https:\/\/souverainete-suisse.ch\/boutique\/"},{"@type":"ListItem","position":3,"name":"Drapeau Souverainet\u00e9 Suisse \u2013 \u00c9dition Bouquetin Fran\u00e7ais"}]},{"@type":"WebSite","@id":"https:\/\/souverainete-suisse.ch\/#website","url":"https:\/\/souverainete-suisse.ch\/","name":"Bewegung Souver\u00e4ne Schweiz","description":"","publisher":{"@id":"https:\/\/souverainete-suisse.ch\/#organization"},"potentialAction":[{"@type":"SearchAction","target":{"@type":"EntryPoint","urlTemplate":"https:\/\/souverainete-suisse.ch\/?s={search_term_string}"},"query-input":{"@type":"PropertyValueSpecification","valueRequired":true,"valueName":"search_term_string"}}],"inLanguage":"de"},{"@type":"Organization","@id":"https:\/\/souverainete-suisse.ch\/#organization","name":"Bewegung Souver\u00e4ne Schweiz","url":"https:\/\/souverainete-suisse.ch\/","logo":{"@type":"ImageObject","inLanguage":"de","@id":"https:\/\/souverainete-suisse.ch\/#\/schema\/logo\/image\/","url":"https:\/\/souverainete-suisse.ch\/wp-content\/uploads\/2025\/11\/logo.png","contentUrl":"https:\/\/souverainete-suisse.ch\/wp-content\/uploads\/2025\/11\/logo.png","width":2053,"height":1461,"caption":"Mouvement Souverainet\u00e9 Suisse"},"image":{"@id":"https:\/\/souverainete-suisse.ch\/#\/schema\/logo\/image\/"}}]}},"_links":{"self":[{"href":"https:\/\/souverainete-suisse.ch\/de\/wp-json\/wp\/v2\/product\/735","targetHints":{"allow":["GET"]}}],"collection":[{"href":"https:\/\/souverainete-suisse.ch\/de\/wp-json\/wp\/v2\/product"}],"about":[{"href":"https:\/\/souverainete-suisse.ch\/de\/wp-json\/wp\/v2\/types\/product"}],"replies":[{"embeddable":true,"href":"https:\/\/souverainete-suisse.ch\/de\/wp-json\/wp\/v2\/comments?post=735"}],"wp:featuredmedia":[{"embeddable":true,"href":"https:\/\/souverainete-suisse.ch\/de\/wp-json\/wp\/v2\/media\/987"}],"wp:attachment":[{"href":"https:\/\/souverainete-suisse.ch\/de\/wp-json\/wp\/v2\/media?parent=735"}],"wp:term":[{"taxonomy":"product_brand","embeddable":true,"href":"https:\/\/souverainete-suisse.ch\/de\/wp-json\/wp\/v2\/product_brand?post=735"},{"taxonomy":"product_cat","embeddable":true,"href":"https:\/\/souverainete-suisse.ch\/de\/wp-json\/wp\/v2\/product_cat?post=735"},{"taxonomy":"product_tag","embeddable":true,"href":"https:\/\/souverainete-suisse.ch\/de\/wp-json\/wp\/v2\/product_tag?post=735"}],"curies":[{"name":"wp","href":"https:\/\/api.w.org\/{rel}","templated":true}]}}