{"id":749,"date":"2026-02-11T15:41:16","date_gmt":"2026-02-11T14:41:16","guid":{"rendered":"https:\/\/souverainete-suisse.ch\/?page_id=749"},"modified":"2026-02-14T14:52:20","modified_gmt":"2026-02-14T13:52:20","slug":"shop-2","status":"publish","type":"page","link":"https:\/\/souverainete-suisse.ch\/de\/shop-2\/","title":{"rendered":"Shop"},"content":{"rendered":"<div data-elementor-type=\"wp-page\" data-elementor-id=\"749\" class=\"elementor elementor-749\" data-elementor-post-type=\"page\">\n\t\t\t\t<div class=\"elementor-element elementor-element-aa0fba0 e-flex e-con-boxed e-con e-parent\" data-id=\"aa0fba0\" data-element_type=\"container\" data-e-type=\"container\">\n\t\t\t\t\t<div class=\"e-con-inner\">\n\t\t\t\t<div class=\"elementor-element elementor-element-d50d441 elementor-grid-3 elementor-grid-tablet-2 elementor-grid-mobile-1 elementor-product-loop-item--align-center elementor-products-grid elementor-wc-products elementor-widget elementor-widget-woocommerce-products\" data-id=\"d50d441\" data-element_type=\"widget\" data-e-type=\"widget\" data-widget_type=\"woocommerce-products.default\">\n\t\t\t\t<div class=\"elementor-widget-container\">\n\t\t\t\t\t<div class=\"woocommerce columns-3\"><ul class=\"products elementor-grid columns-3\">\n<li class=\"product type-product post-731 status-publish first instock product_cat-flag has-post-thumbnail shipping-taxable purchasable product-type-simple\">\n\t<a href=\"https:\/\/souverainete-suisse.ch\/de\/produkt\/flagge-schweizer-souveranitat-edition-deutscher-steinbock\/\" class=\"woocommerce-LoopProduct-link woocommerce-loop-product__link\"><img fetchpriority=\"high\" decoding=\"async\" width=\"300\" height=\"300\" src=\"https:\/\/souverainete-suisse.ch\/wp-content\/uploads\/2026\/02\/Drapeau-web-DE-300x300.png\" class=\"attachment-woocommerce_thumbnail size-woocommerce_thumbnail\" alt=\"Fahne Souver\u00e4nit\u00e4t Schweiz - Edition Deutscher Steinbock\" srcset=\"https:\/\/souverainete-suisse.ch\/wp-content\/uploads\/2026\/02\/Drapeau-web-DE-300x300.png 300w, https:\/\/souverainete-suisse.ch\/wp-content\/uploads\/2026\/02\/Drapeau-web-DE-150x150.png 150w, https:\/\/souverainete-suisse.ch\/wp-content\/uploads\/2026\/02\/Drapeau-web-DE-12x12.png 12w, https:\/\/souverainete-suisse.ch\/wp-content\/uploads\/2026\/02\/Drapeau-web-DE-100x100.png 100w\" sizes=\"(max-width: 300px) 100vw, 300px\" \/><h2 class=\"woocommerce-loop-product__title\">Fahne Souver\u00e4nit\u00e4t Schweiz - Edition Deutscher Steinbock<\/h2>\n\t<span class=\"price\"><span class=\"woocommerce-Price-amount amount\"><bdi><span class=\"woocommerce-Price-currencySymbol\">CHF<\/span>&nbsp;280.00<\/bdi><\/span><\/span>\n<\/a><a href=\"\/de\/wp-json\/wp\/v2\/pages\/749?add-to-cart=731\" aria-describedby=\"woocommerce_loop_add_to_cart_link_describedby_731\" data-quantity=\"1\" class=\"button product_type_simple add_to_cart_button ajax_add_to_cart\" data-product_id=\"731\" data-product_sku=\"\" aria-label=\"In den Warenkorb legen: \u201eDrapeau Souverainet\u00e9 Suisse \u2013 \u00c9dition Bouquetin Allemand\u201c\" rel=\"nofollow\" data-success_message=\"\u201eDrapeau Souverainet\u00e9 Suisse \u2013 \u00c9dition Bouquetin Allemand\u201c wurde deinem Warenkorb hinzugef\u00fcgt\" data-no-translation=\"\" data-trp-gettext=\"\" data-no-translation-aria-label=\"\" data-no-translation-data-success_message=\"\">In den Warenkorb<\/a>\t<span id=\"woocommerce_loop_add_to_cart_link_describedby_731\" class=\"screen-reader-text\">\n\t\t\t<\/span>\n<\/li>\n<li class=\"product type-product post-733 status-publish instock product_cat-flag has-post-thumbnail shipping-taxable purchasable product-type-simple\">\n\t<a href=\"https:\/\/souverainete-suisse.ch\/de\/produkt\/flagge-schweizer-souveranitat-edition-steinbock-englisch\/\" class=\"woocommerce-LoopProduct-link woocommerce-loop-product__link\"><img decoding=\"async\" width=\"300\" height=\"300\" src=\"https:\/\/souverainete-suisse.ch\/wp-content\/uploads\/2026\/02\/Drapeau-web-EN-300x300.png\" class=\"attachment-woocommerce_thumbnail size-woocommerce_thumbnail\" alt=\"Fahne Souver\u00e4nit\u00e4t Schweiz - Edition Steinbock Englisch\" srcset=\"https:\/\/souverainete-suisse.ch\/wp-content\/uploads\/2026\/02\/Drapeau-web-EN-300x300.png 300w, https:\/\/souverainete-suisse.ch\/wp-content\/uploads\/2026\/02\/Drapeau-web-EN-150x150.png 150w, https:\/\/souverainete-suisse.ch\/wp-content\/uploads\/2026\/02\/Drapeau-web-EN-12x12.png 12w, https:\/\/souverainete-suisse.ch\/wp-content\/uploads\/2026\/02\/Drapeau-web-EN-100x100.png 100w\" sizes=\"(max-width: 300px) 100vw, 300px\" \/><h2 class=\"woocommerce-loop-product__title\">Fahne Souver\u00e4nit\u00e4t Schweiz - Edition Steinbock Englisch<\/h2>\n\t<span class=\"price\"><span class=\"woocommerce-Price-amount amount\"><bdi><span class=\"woocommerce-Price-currencySymbol\">CHF<\/span>&nbsp;280.00<\/bdi><\/span><\/span>\n<\/a><a href=\"\/de\/wp-json\/wp\/v2\/pages\/749?add-to-cart=733\" aria-describedby=\"woocommerce_loop_add_to_cart_link_describedby_733\" data-quantity=\"1\" class=\"button product_type_simple add_to_cart_button ajax_add_to_cart\" data-product_id=\"733\" data-product_sku=\"\" aria-label=\"In den Warenkorb legen: \u201eDrapeau Souverainet\u00e9 Suisse \u2013 \u00c9dition Bouquetin Anglais\u201c\" rel=\"nofollow\" data-success_message=\"\u201eDrapeau Souverainet\u00e9 Suisse \u2013 \u00c9dition Bouquetin Anglais\u201c wurde deinem Warenkorb hinzugef\u00fcgt\" data-no-translation=\"\" data-trp-gettext=\"\" data-no-translation-aria-label=\"\" data-no-translation-data-success_message=\"\">In den Warenkorb<\/a>\t<span id=\"woocommerce_loop_add_to_cart_link_describedby_733\" class=\"screen-reader-text\">\n\t\t\t<\/span>\n<\/li>\n<li class=\"product type-product post-735 status-publish last instock product_cat-flag has-post-thumbnail shipping-taxable purchasable product-type-simple\">\n\t<a href=\"https:\/\/souverainete-suisse.ch\/de\/produkt\/flagge-schweizer-souveranitat-edition-steinbock-franzosisch\/\" class=\"woocommerce-LoopProduct-link woocommerce-loop-product__link\"><img decoding=\"async\" width=\"300\" height=\"300\" src=\"https:\/\/souverainete-suisse.ch\/wp-content\/uploads\/2026\/02\/Drapeau-FR-300x300.png\" class=\"attachment-woocommerce_thumbnail size-woocommerce_thumbnail\" alt=\"Fahne Souver\u00e4nit\u00e4t Schweiz - Edition Franz\u00f6sischer Steinbock\" srcset=\"https:\/\/souverainete-suisse.ch\/wp-content\/uploads\/2026\/02\/Drapeau-FR-300x300.png 300w, https:\/\/souverainete-suisse.ch\/wp-content\/uploads\/2026\/02\/Drapeau-FR-150x150.png 150w, https:\/\/souverainete-suisse.ch\/wp-content\/uploads\/2026\/02\/Drapeau-FR-12x12.png 12w, https:\/\/souverainete-suisse.ch\/wp-content\/uploads\/2026\/02\/Drapeau-FR-100x100.png 100w\" sizes=\"(max-width: 300px) 100vw, 300px\" \/><h2 class=\"woocommerce-loop-product__title\">Fahne Souver\u00e4nit\u00e4t Schweiz - Edition Franz\u00f6sischer Steinbock<\/h2>\n\t<span class=\"price\"><span class=\"woocommerce-Price-amount amount\"><bdi><span class=\"woocommerce-Price-currencySymbol\">CHF<\/span>&nbsp;280.00<\/bdi><\/span><\/span>\n<\/a><a href=\"\/de\/wp-json\/wp\/v2\/pages\/749?add-to-cart=735\" aria-describedby=\"woocommerce_loop_add_to_cart_link_describedby_735\" data-quantity=\"1\" class=\"button product_type_simple add_to_cart_button ajax_add_to_cart\" data-product_id=\"735\" data-product_sku=\"\" aria-label=\"In den Warenkorb legen: \u201eDrapeau Souverainet\u00e9 Suisse \u2013 \u00c9dition Bouquetin Fran\u00e7ais\u201c\" rel=\"nofollow\" data-success_message=\"\u201eDrapeau Souverainet\u00e9 Suisse \u2013 \u00c9dition Bouquetin Fran\u00e7ais\u201c wurde deinem Warenkorb hinzugef\u00fcgt\" data-no-translation=\"\" data-trp-gettext=\"\" data-no-translation-aria-label=\"\" data-no-translation-data-success_message=\"\">In den Warenkorb<\/a>\t<span id=\"woocommerce_loop_add_to_cart_link_describedby_735\" class=\"screen-reader-text\">\n\t\t\t<\/span>\n<\/li>\n<li class=\"product type-product post-736 status-publish first instock product_cat-flag has-post-thumbnail shipping-taxable purchasable product-type-simple\">\n\t<a href=\"https:\/\/souverainete-suisse.ch\/de\/produkt\/it-flagge\/\" class=\"woocommerce-LoopProduct-link woocommerce-loop-product__link\"><img loading=\"lazy\" decoding=\"async\" width=\"300\" height=\"300\" src=\"https:\/\/souverainete-suisse.ch\/wp-content\/uploads\/2026\/02\/Drapeau-web-IT-300x300.png\" class=\"attachment-woocommerce_thumbnail size-woocommerce_thumbnail\" alt=\"Fahne Souver\u00e4nit\u00e4t Schweiz - Edition Italienischer Steinbock\" srcset=\"https:\/\/souverainete-suisse.ch\/wp-content\/uploads\/2026\/02\/Drapeau-web-IT-300x300.png 300w, https:\/\/souverainete-suisse.ch\/wp-content\/uploads\/2026\/02\/Drapeau-web-IT-150x150.png 150w, https:\/\/souverainete-suisse.ch\/wp-content\/uploads\/2026\/02\/Drapeau-web-IT-12x12.png 12w, https:\/\/souverainete-suisse.ch\/wp-content\/uploads\/2026\/02\/Drapeau-web-IT-100x100.png 100w\" sizes=\"(max-width: 300px) 100vw, 300px\" \/><h2 class=\"woocommerce-loop-product__title\">Fahne Souver\u00e4nit\u00e4t Schweiz - Edition Italienischer Steinbock<\/h2>\n\t<span class=\"price\"><span class=\"woocommerce-Price-amount amount\"><bdi><span class=\"woocommerce-Price-currencySymbol\">CHF<\/span>&nbsp;280.00<\/bdi><\/span><\/span>\n<\/a><a href=\"\/de\/wp-json\/wp\/v2\/pages\/749?add-to-cart=736\" aria-describedby=\"woocommerce_loop_add_to_cart_link_describedby_736\" data-quantity=\"1\" class=\"button product_type_simple add_to_cart_button ajax_add_to_cart\" data-product_id=\"736\" data-product_sku=\"\" aria-label=\"In den Warenkorb legen: \u201eDrapeau Souverainet\u00e9 Suisse \u2013 \u00c9dition Bouquetin Italien\u201c\" rel=\"nofollow\" data-success_message=\"\u201eDrapeau Souverainet\u00e9 Suisse \u2013 \u00c9dition Bouquetin Italien\u201c wurde deinem Warenkorb hinzugef\u00fcgt\" data-no-translation=\"\" data-trp-gettext=\"\" data-no-translation-aria-label=\"\" data-no-translation-data-success_message=\"\">In den Warenkorb<\/a>\t<span id=\"woocommerce_loop_add_to_cart_link_describedby_736\" class=\"screen-reader-text\">\n\t\t\t<\/span>\n<\/li>\n<li class=\"product type-product post-739 status-publish instock product_cat-pin has-post-thumbnail shipping-taxable purchasable product-type-simple\">\n\t<a href=\"https:\/\/souverainete-suisse.ch\/de\/produkt\/schweizer-souveranitatspins-botschafter-edition-x10\/\" class=\"woocommerce-LoopProduct-link woocommerce-loop-product__link\"><img loading=\"lazy\" decoding=\"async\" width=\"300\" height=\"300\" src=\"https:\/\/souverainete-suisse.ch\/wp-content\/uploads\/2026\/02\/pins-2-300x300.jpg\" class=\"attachment-woocommerce_thumbnail size-woocommerce_thumbnail\" alt=\"Pin Schweizer Souver\u00e4nit\u00e4t - Botschafter-Edition x10\" srcset=\"https:\/\/souverainete-suisse.ch\/wp-content\/uploads\/2026\/02\/pins-2-300x300.jpg 300w, https:\/\/souverainete-suisse.ch\/wp-content\/uploads\/2026\/02\/pins-2-150x150.jpg 150w, https:\/\/souverainete-suisse.ch\/wp-content\/uploads\/2026\/02\/pins-2-100x100.jpg 100w\" sizes=\"(max-width: 300px) 100vw, 300px\" \/><h2 class=\"woocommerce-loop-product__title\">Pin Schweizer Souver\u00e4nit\u00e4t - Botschafter-Edition x10<\/h2>\n\t<span class=\"price\"><span class=\"woocommerce-Price-amount amount\"><bdi><span class=\"woocommerce-Price-currencySymbol\">CHF<\/span>&nbsp;100.00<\/bdi><\/span><\/span>\n<\/a><a href=\"\/de\/wp-json\/wp\/v2\/pages\/749?add-to-cart=739\" aria-describedby=\"woocommerce_loop_add_to_cart_link_describedby_739\" data-quantity=\"1\" class=\"button product_type_simple add_to_cart_button ajax_add_to_cart\" data-product_id=\"739\" data-product_sku=\"\" aria-label=\"In den Warenkorb legen: \u201ePin\u2019s Souverainet\u00e9 Suisse \u2013 \u00c9dition Ambassadeur x10\u201c\" rel=\"nofollow\" data-success_message=\"\u201ePin\u2019s Souverainet\u00e9 Suisse \u2013 \u00c9dition Ambassadeur x10\u201c wurde deinem Warenkorb hinzugef\u00fcgt\" data-no-translation=\"\" data-trp-gettext=\"\" data-no-translation-aria-label=\"\" data-no-translation-data-success_message=\"\">In den Warenkorb<\/a>\t<span id=\"woocommerce_loop_add_to_cart_link_describedby_739\" class=\"screen-reader-text\">\n\t\t\t<\/span>\n<\/li>\n<li class=\"product type-product post-741 status-publish last instock product_cat-rollup has-post-thumbnail shipping-taxable purchasable product-type-simple\">\n\t<a href=\"https:\/\/souverainete-suisse.ch\/de\/produkt\/roll-up-souveranitat-schweiz-deutsch\/\" class=\"woocommerce-LoopProduct-link woocommerce-loop-product__link\"><img loading=\"lazy\" decoding=\"async\" width=\"300\" height=\"300\" src=\"https:\/\/souverainete-suisse.ch\/wp-content\/uploads\/2026\/02\/Rollup-DE-scaled-300x300.jpeg\" class=\"attachment-woocommerce_thumbnail size-woocommerce_thumbnail\" alt=\"Roll-up Schweizer Souver\u00e4nit\u00e4t (Deutsch)\" srcset=\"https:\/\/souverainete-suisse.ch\/wp-content\/uploads\/2026\/02\/Rollup-DE-scaled-300x300.jpeg 300w, https:\/\/souverainete-suisse.ch\/wp-content\/uploads\/2026\/02\/Rollup-DE-scaled-100x100.jpeg 100w, https:\/\/souverainete-suisse.ch\/wp-content\/uploads\/2026\/02\/Rollup-DE-150x150.jpeg 150w\" sizes=\"(max-width: 300px) 100vw, 300px\" \/><h2 class=\"woocommerce-loop-product__title\">Roll-up Schweizer Souver\u00e4nit\u00e4t (Deutsch)<\/h2>\n\t<span class=\"price\"><span class=\"woocommerce-Price-amount amount\"><bdi><span class=\"woocommerce-Price-currencySymbol\">CHF<\/span>&nbsp;155.00<\/bdi><\/span><\/span>\n<\/a><a href=\"\/de\/wp-json\/wp\/v2\/pages\/749?add-to-cart=741\" aria-describedby=\"woocommerce_loop_add_to_cart_link_describedby_741\" data-quantity=\"1\" class=\"button product_type_simple add_to_cart_button ajax_add_to_cart\" data-product_id=\"741\" data-product_sku=\"\" aria-label=\"In den Warenkorb legen: \u201eRoll-up Souverainet\u00e9 Suisse (Allemand)\u201c\" rel=\"nofollow\" data-success_message=\"\u201eRoll-up Souverainet\u00e9 Suisse (Allemand)\u201c wurde deinem Warenkorb hinzugef\u00fcgt\" data-no-translation=\"\" data-trp-gettext=\"\" data-no-translation-aria-label=\"\" data-no-translation-data-success_message=\"\">In den Warenkorb<\/a>\t<span id=\"woocommerce_loop_add_to_cart_link_describedby_741\" class=\"screen-reader-text\">\n\t\t\t<\/span>\n<\/li>\n<li class=\"product type-product post-742 status-publish first instock product_cat-rollup has-post-thumbnail shipping-taxable purchasable product-type-simple\">\n\t<a href=\"https:\/\/souverainete-suisse.ch\/de\/produkt\/roll-up-souveranitat-schweiz-englisch\/\" class=\"woocommerce-LoopProduct-link woocommerce-loop-product__link\"><img loading=\"lazy\" decoding=\"async\" width=\"300\" height=\"300\" src=\"https:\/\/souverainete-suisse.ch\/wp-content\/uploads\/2026\/02\/Rollup-EN-scaled-300x300.jpg\" class=\"attachment-woocommerce_thumbnail size-woocommerce_thumbnail\" alt=\"Roll-up Schweizer Souver\u00e4nit\u00e4t (Englisch)\" srcset=\"https:\/\/souverainete-suisse.ch\/wp-content\/uploads\/2026\/02\/Rollup-EN-scaled-300x300.jpg 300w, https:\/\/souverainete-suisse.ch\/wp-content\/uploads\/2026\/02\/Rollup-EN-scaled-100x100.jpg 100w, https:\/\/souverainete-suisse.ch\/wp-content\/uploads\/2026\/02\/Rollup-EN-150x150.jpg 150w\" sizes=\"(max-width: 300px) 100vw, 300px\" \/><h2 class=\"woocommerce-loop-product__title\">Roll-up Schweizer Souver\u00e4nit\u00e4t (Englisch)<\/h2>\n\t<span class=\"price\"><span class=\"woocommerce-Price-amount amount\"><bdi><span class=\"woocommerce-Price-currencySymbol\">CHF<\/span>&nbsp;155.00<\/bdi><\/span><\/span>\n<\/a><a href=\"\/de\/wp-json\/wp\/v2\/pages\/749?add-to-cart=742\" aria-describedby=\"woocommerce_loop_add_to_cart_link_describedby_742\" data-quantity=\"1\" class=\"button product_type_simple add_to_cart_button ajax_add_to_cart\" data-product_id=\"742\" data-product_sku=\"\" aria-label=\"In den Warenkorb legen: \u201eRoll-up Souverainet\u00e9 Suisse (Anglais)\u201c\" rel=\"nofollow\" data-success_message=\"\u201eRoll-up Souverainet\u00e9 Suisse (Anglais)\u201c wurde deinem Warenkorb hinzugef\u00fcgt\" data-no-translation=\"\" data-trp-gettext=\"\" data-no-translation-aria-label=\"\" data-no-translation-data-success_message=\"\">In den Warenkorb<\/a>\t<span id=\"woocommerce_loop_add_to_cart_link_describedby_742\" class=\"screen-reader-text\">\n\t\t\t<\/span>\n<\/li>\n<li class=\"product type-product post-743 status-publish instock product_cat-rollup has-post-thumbnail shipping-taxable purchasable product-type-simple\">\n\t<a href=\"https:\/\/souverainete-suisse.ch\/de\/produkt\/roll-up-schweizer-souveranitat\/\" class=\"woocommerce-LoopProduct-link woocommerce-loop-product__link\"><img loading=\"lazy\" decoding=\"async\" width=\"300\" height=\"300\" src=\"https:\/\/souverainete-suisse.ch\/wp-content\/uploads\/2026\/02\/Rollup-FR-300x300.png\" class=\"attachment-woocommerce_thumbnail size-woocommerce_thumbnail\" alt=\"Roll-up Schweizer Souver\u00e4nit\u00e4t (Franz\u00f6sisch)\" srcset=\"https:\/\/souverainete-suisse.ch\/wp-content\/uploads\/2026\/02\/Rollup-FR-300x300.png 300w, https:\/\/souverainete-suisse.ch\/wp-content\/uploads\/2026\/02\/Rollup-FR-100x100.png 100w, https:\/\/souverainete-suisse.ch\/wp-content\/uploads\/2026\/02\/Rollup-FR-150x150.png 150w\" sizes=\"(max-width: 300px) 100vw, 300px\" \/><h2 class=\"woocommerce-loop-product__title\">Roll-up Schweizer Souver\u00e4nit\u00e4t (Franz\u00f6sisch)<\/h2>\n\t<span class=\"price\"><span class=\"woocommerce-Price-amount amount\"><bdi><span class=\"woocommerce-Price-currencySymbol\">CHF<\/span>&nbsp;155.00<\/bdi><\/span><\/span>\n<\/a><a href=\"\/de\/wp-json\/wp\/v2\/pages\/749?add-to-cart=743\" aria-describedby=\"woocommerce_loop_add_to_cart_link_describedby_743\" data-quantity=\"1\" class=\"button product_type_simple add_to_cart_button ajax_add_to_cart\" data-product_id=\"743\" data-product_sku=\"\" aria-label=\"In den Warenkorb legen: \u201eRoll-up Souverainet\u00e9 Suisse (Fran\u00e7ais)\u201c\" rel=\"nofollow\" data-success_message=\"\u201eRoll-up Souverainet\u00e9 Suisse (Fran\u00e7ais)\u201c wurde deinem Warenkorb hinzugef\u00fcgt\" data-no-translation=\"\" data-trp-gettext=\"\" data-no-translation-aria-label=\"\" data-no-translation-data-success_message=\"\">In den Warenkorb<\/a>\t<span id=\"woocommerce_loop_add_to_cart_link_describedby_743\" class=\"screen-reader-text\">\n\t\t\t<\/span>\n<\/li>\n<li class=\"product type-product post-744 status-publish last instock product_cat-rollup has-post-thumbnail shipping-taxable purchasable product-type-simple\">\n\t<a href=\"https:\/\/souverainete-suisse.ch\/de\/produkt\/roll-up-schweizer-souveranitat-starke-prasenz-klare-botschaft-italienisch\/\" class=\"woocommerce-LoopProduct-link woocommerce-loop-product__link\"><img loading=\"lazy\" decoding=\"async\" width=\"300\" height=\"300\" src=\"https:\/\/souverainete-suisse.ch\/wp-content\/uploads\/2026\/02\/Rollup-IT-scaled-300x300.jpg\" class=\"attachment-woocommerce_thumbnail size-woocommerce_thumbnail\" alt=\"Roll-up Schweizer Souver\u00e4nit\u00e4t (Italienisch)\" srcset=\"https:\/\/souverainete-suisse.ch\/wp-content\/uploads\/2026\/02\/Rollup-IT-scaled-300x300.jpg 300w, https:\/\/souverainete-suisse.ch\/wp-content\/uploads\/2026\/02\/Rollup-IT-scaled-100x100.jpg 100w, https:\/\/souverainete-suisse.ch\/wp-content\/uploads\/2026\/02\/Rollup-IT-150x150.jpg 150w\" sizes=\"(max-width: 300px) 100vw, 300px\" \/><h2 class=\"woocommerce-loop-product__title\">Roll-up Schweizer Souver\u00e4nit\u00e4t (Italienisch)<\/h2>\n\t<span class=\"price\"><span class=\"woocommerce-Price-amount amount\"><bdi><span class=\"woocommerce-Price-currencySymbol\">CHF<\/span>&nbsp;155.00<\/bdi><\/span><\/span>\n<\/a><a href=\"\/de\/wp-json\/wp\/v2\/pages\/749?add-to-cart=744\" aria-describedby=\"woocommerce_loop_add_to_cart_link_describedby_744\" data-quantity=\"1\" class=\"button product_type_simple add_to_cart_button ajax_add_to_cart\" data-product_id=\"744\" data-product_sku=\"\" aria-label=\"In den Warenkorb legen: \u201eRoll-up Souverainet\u00e9 Suisse (Italien)\u201c\" rel=\"nofollow\" data-success_message=\"\u201eRoll-up Souverainet\u00e9 Suisse (Italien)\u201c wurde deinem Warenkorb hinzugef\u00fcgt\" data-no-translation=\"\" data-trp-gettext=\"\" data-no-translation-aria-label=\"\" data-no-translation-data-success_message=\"\">In den Warenkorb<\/a>\t<span id=\"woocommerce_loop_add_to_cart_link_describedby_744\" class=\"screen-reader-text\">\n\t\t\t<\/span>\n<\/li>\n<\/ul>\n<\/div>\t\t\t\t<\/div>\n\t\t\t\t<\/div>\n\t\t\t\t\t<\/div>\n\t\t\t\t<\/div>\n\t\t\t\t<\/div>","protected":false},"excerpt":{"rendered":"","protected":false},"author":5,"featured_media":0,"parent":0,"menu_order":0,"comment_status":"closed","ping_status":"closed","template":"elementor_header_footer","meta":{"footnotes":""},"class_list":["post-749","page","type-page","status-publish","hentry"],"yoast_head":"<!-- This site is optimized with the Yoast SEO plugin v26.9 - https:\/\/yoast.com\/product\/yoast-seo-wordpress\/ -->\n<title>Boutique - Mouvement Souverainet\u00e9 Suisse<\/title>\n<meta name=\"robots\" content=\"index, follow, max-snippet:-1, max-image-preview:large, max-video-preview:-1\" \/>\n<link rel=\"canonical\" href=\"https:\/\/souverainete-suisse.ch\/de\/shop-2\/\" \/>\n<meta property=\"og:locale\" content=\"de_DE\" \/>\n<meta property=\"og:type\" content=\"article\" \/>\n<meta property=\"og:title\" content=\"Boutique - Mouvement Souverainet\u00e9 Suisse\" \/>\n<meta property=\"og:url\" content=\"https:\/\/souverainete-suisse.ch\/de\/shop-2\/\" \/>\n<meta property=\"og:site_name\" content=\"Mouvement Souverainet\u00e9 Suisse\" \/>\n<meta property=\"article:modified_time\" content=\"2026-02-14T13:52:20+00:00\" \/>\n<meta name=\"twitter:card\" content=\"summary_large_image\" \/>\n<meta name=\"twitter:label1\" content=\"Gesch\u00e4tzte Lesezeit\" \/>\n\t<meta name=\"twitter:data1\" content=\"3\u00a0Minuten\" \/>\n<script type=\"application\/ld+json\" class=\"yoast-schema-graph\">{\"@context\":\"https:\/\/schema.org\",\"@graph\":[{\"@type\":\"WebPage\",\"@id\":\"https:\/\/souverainete-suisse.ch\/boutique\/\",\"url\":\"https:\/\/souverainete-suisse.ch\/boutique\/\",\"name\":\"Boutique - Mouvement Souverainet\u00e9 Suisse\",\"isPartOf\":{\"@id\":\"https:\/\/souverainete-suisse.ch\/#website\"},\"datePublished\":\"2026-02-11T14:41:16+00:00\",\"dateModified\":\"2026-02-14T13:52:20+00:00\",\"breadcrumb\":{\"@id\":\"https:\/\/souverainete-suisse.ch\/boutique\/#breadcrumb\"},\"inLanguage\":\"de\",\"potentialAction\":[{\"@type\":\"ReadAction\",\"target\":[\"https:\/\/souverainete-suisse.ch\/boutique\/\"]}]},{\"@type\":\"BreadcrumbList\",\"@id\":\"https:\/\/souverainete-suisse.ch\/boutique\/#breadcrumb\",\"itemListElement\":[{\"@type\":\"ListItem\",\"position\":1,\"name\":\"Accueil\",\"item\":\"https:\/\/souverainete-suisse.ch\/\"},{\"@type\":\"ListItem\",\"position\":2,\"name\":\"Boutique\"}]},{\"@type\":\"WebSite\",\"@id\":\"https:\/\/souverainete-suisse.ch\/#website\",\"url\":\"https:\/\/souverainete-suisse.ch\/\",\"name\":\"Mouvement Souverainet\u00e9 Suisse\",\"description\":\"\",\"publisher\":{\"@id\":\"https:\/\/souverainete-suisse.ch\/#organization\"},\"potentialAction\":[{\"@type\":\"SearchAction\",\"target\":{\"@type\":\"EntryPoint\",\"urlTemplate\":\"https:\/\/souverainete-suisse.ch\/?s={search_term_string}\"},\"query-input\":{\"@type\":\"PropertyValueSpecification\",\"valueRequired\":true,\"valueName\":\"search_term_string\"}}],\"inLanguage\":\"de\"},{\"@type\":\"Organization\",\"@id\":\"https:\/\/souverainete-suisse.ch\/#organization\",\"name\":\"Mouvement Souverainet\u00e9 Suisse\",\"url\":\"https:\/\/souverainete-suisse.ch\/\",\"logo\":{\"@type\":\"ImageObject\",\"inLanguage\":\"de\",\"@id\":\"https:\/\/souverainete-suisse.ch\/#\/schema\/logo\/image\/\",\"url\":\"https:\/\/souverainete-suisse.ch\/wp-content\/uploads\/2025\/11\/logo.png\",\"contentUrl\":\"https:\/\/souverainete-suisse.ch\/wp-content\/uploads\/2025\/11\/logo.png\",\"width\":2053,\"height\":1461,\"caption\":\"Mouvement Souverainet\u00e9 Suisse\"},\"image\":{\"@id\":\"https:\/\/souverainete-suisse.ch\/#\/schema\/logo\/image\/\"}}]}<\/script>\n<!-- \/ Yoast SEO plugin. -->","yoast_head_json":{"title":"Shop - Bewegung Souver\u00e4ne Schweiz","robots":{"index":"index","follow":"follow","max-snippet":"max-snippet:-1","max-image-preview":"max-image-preview:large","max-video-preview":"max-video-preview:-1"},"canonical":"https:\/\/souverainete-suisse.ch\/de\/shop-2\/","og_locale":"de_DE","og_type":"article","og_title":"Boutique - Mouvement Souverainet\u00e9 Suisse","og_url":"https:\/\/souverainete-suisse.ch\/de\/shop-2\/","og_site_name":"Mouvement Souverainet\u00e9 Suisse","article_modified_time":"2026-02-14T13:52:20+00:00","twitter_card":"summary_large_image","twitter_misc":{"Gesch\u00e4tzte Lesezeit":"3\u00a0Minuten"},"schema":{"@context":"https:\/\/schema.org","@graph":[{"@type":"WebPage","@id":"https:\/\/souverainete-suisse.ch\/boutique\/","url":"https:\/\/souverainete-suisse.ch\/boutique\/","name":"Shop - Bewegung Souver\u00e4ne Schweiz","isPartOf":{"@id":"https:\/\/souverainete-suisse.ch\/#website"},"datePublished":"2026-02-11T14:41:16+00:00","dateModified":"2026-02-14T13:52:20+00:00","breadcrumb":{"@id":"https:\/\/souverainete-suisse.ch\/boutique\/#breadcrumb"},"inLanguage":"de","potentialAction":[{"@type":"ReadAction","target":["https:\/\/souverainete-suisse.ch\/boutique\/"]}]},{"@type":"BreadcrumbList","@id":"https:\/\/souverainete-suisse.ch\/boutique\/#breadcrumb","itemListElement":[{"@type":"ListItem","position":1,"name":"Accueil","item":"https:\/\/souverainete-suisse.ch\/"},{"@type":"ListItem","position":2,"name":"Boutique"}]},{"@type":"WebSite","@id":"https:\/\/souverainete-suisse.ch\/#website","url":"https:\/\/souverainete-suisse.ch\/","name":"Bewegung Souver\u00e4ne Schweiz","description":"","publisher":{"@id":"https:\/\/souverainete-suisse.ch\/#organization"},"potentialAction":[{"@type":"SearchAction","target":{"@type":"EntryPoint","urlTemplate":"https:\/\/souverainete-suisse.ch\/?s={search_term_string}"},"query-input":{"@type":"PropertyValueSpecification","valueRequired":true,"valueName":"search_term_string"}}],"inLanguage":"de"},{"@type":"Organization","@id":"https:\/\/souverainete-suisse.ch\/#organization","name":"Bewegung Souver\u00e4ne Schweiz","url":"https:\/\/souverainete-suisse.ch\/","logo":{"@type":"ImageObject","inLanguage":"de","@id":"https:\/\/souverainete-suisse.ch\/#\/schema\/logo\/image\/","url":"https:\/\/souverainete-suisse.ch\/wp-content\/uploads\/2025\/11\/logo.png","contentUrl":"https:\/\/souverainete-suisse.ch\/wp-content\/uploads\/2025\/11\/logo.png","width":2053,"height":1461,"caption":"Mouvement Souverainet\u00e9 Suisse"},"image":{"@id":"https:\/\/souverainete-suisse.ch\/#\/schema\/logo\/image\/"}}]}},"_links":{"self":[{"href":"https:\/\/souverainete-suisse.ch\/de\/wp-json\/wp\/v2\/pages\/749","targetHints":{"allow":["GET"]}}],"collection":[{"href":"https:\/\/souverainete-suisse.ch\/de\/wp-json\/wp\/v2\/pages"}],"about":[{"href":"https:\/\/souverainete-suisse.ch\/de\/wp-json\/wp\/v2\/types\/page"}],"author":[{"embeddable":true,"href":"https:\/\/souverainete-suisse.ch\/de\/wp-json\/wp\/v2\/users\/5"}],"replies":[{"embeddable":true,"href":"https:\/\/souverainete-suisse.ch\/de\/wp-json\/wp\/v2\/comments?post=749"}],"version-history":[{"count":7,"href":"https:\/\/souverainete-suisse.ch\/de\/wp-json\/wp\/v2\/pages\/749\/revisions"}],"predecessor-version":[{"id":848,"href":"https:\/\/souverainete-suisse.ch\/de\/wp-json\/wp\/v2\/pages\/749\/revisions\/848"}],"wp:attachment":[{"href":"https:\/\/souverainete-suisse.ch\/de\/wp-json\/wp\/v2\/media?parent=749"}],"curies":[{"name":"wp","href":"https:\/\/api.w.org\/{rel}","templated":true}]}}